{"id":3656,"date":"2023-04-16T02:13:34","date_gmt":"2023-04-16T02:13:34","guid":{"rendered":"https:\/\/reentec.com.tr\/?page_id=3656"},"modified":"2023-06-13T12:42:06","modified_gmt":"2023-06-13T12:42:06","slug":"teknik-servis","status":"publish","type":"page","link":"https:\/\/reentec.com.tr\/?page_id=3656","title":{"rendered":"Teknik Servis"},"content":{"rendered":"\t\t<div data-elementor-type=\"wp-page\" data-elementor-id=\"3656\" class=\"elementor elementor-3656\">\n\t\t\t\t\t\t\t\t\t<section class=\"elementor-section elementor-top-section elementor-element elementor-element-8ed211c elementor-reverse-tablet elementor-reverse-mobile elementor-section-boxed elementor-section-height-default elementor-section-height-default\" data-id=\"8ed211c\" data-element_type=\"section\">\n\t\t\t\t\t\t<div class=\"elementor-container elementor-column-gap-default\">\n\t\t\t\t\t<div class=\"elementor-column elementor-col-100 elementor-top-column elementor-element elementor-element-fe612eb\" data-id=\"fe612eb\" data-element_type=\"column\">\n\t\t\t<div class=\"elementor-widget-wrap elementor-element-populated\">\n\t\t\t\t\t\t\t\t<div class=\"elementor-element elementor-element-9a69228 elementor-widget elementor-widget-heading\" data-id=\"9a69228\" data-element_type=\"widget\" data-widget_type=\"heading.default\">\n\t\t\t\t<div class=\"elementor-widget-container\">\n\t\t\t<style>\/*! elementor - v3.7.8 - 02-10-2022 *\/\n.elementor-heading-title{padding:0;margin:0;line-height:1}.elementor-widget-heading .elementor-heading-title[class*=elementor-size-]>a{color:inherit;font-size:inherit;line-height:inherit}.elementor-widget-heading .elementor-heading-title.elementor-size-small{font-size:15px}.elementor-widget-heading .elementor-heading-title.elementor-size-medium{font-size:19px}.elementor-widget-heading .elementor-heading-title.elementor-size-large{font-size:29px}.elementor-widget-heading .elementor-heading-title.elementor-size-xl{font-size:39px}.elementor-widget-heading .elementor-heading-title.elementor-size-xxl{font-size:59px}<\/style><h2 class=\"elementor-heading-title elementor-size-default\">Teknik Servis<\/h2>\t\t<\/div>\n\t\t\t\t<\/div>\n\t\t\t\t<div class=\"elementor-element elementor-element-4ebb7c5 elementor-widget elementor-widget-heading\" data-id=\"4ebb7c5\" data-element_type=\"widget\" data-widget_type=\"heading.default\">\n\t\t\t\t<div class=\"elementor-widget-container\">\n\t\t\t<p class=\"elementor-heading-title elementor-size-default\">M\u00fchendislik  , i\u015fletme maliyetlerini azaltman\u0131n , rekabet g\u00fcc\u00fcn\u00fcn ve y\u00fcksek verimlili\u011fin b\u00fcy\u00fck \u00f6nem ta\u015f\u0131d\u0131\u011f\u0131 g\u00fcn\u00fcm\u00fcz yap\u0131lar\u0131nda , enerji kalitesi analizi , topraklama \u00f6l\u00e7\u00fcm\u00fc , termal g\u00f6r\u00fcnt\u00fcleme hizmetlerini sa\u011flar.\n<\/br>\n<\/br>Teknik Servis departman\u0131 ,  ndislik proje ve taahh\u00fct s\u00fcre\u00e7leri sonras\u0131nda da m\u00fc\u015fteri  memnuniyeti hedefine paralel olarak uzman kadrosuyla 7 g\u00fcn 24 saat hizmet  vermektedir.\n<\/p>\t\t<\/div>\n\t\t\t\t<\/div>\n\t\t\t\t<section class=\"elementor-section elementor-inner-section elementor-element elementor-element-95e0fa8 elementor-section-full_width elementor-section-height-default elementor-section-height-default\" data-id=\"95e0fa8\" data-element_type=\"section\">\n\t\t\t\t\t\t<div class=\"elementor-container elementor-column-gap-default\">\n\t\t\t\t\t<div class=\"elementor-column elementor-col-50 elementor-inner-column elementor-element elementor-element-1e0a2f8\" data-id=\"1e0a2f8\" data-element_type=\"column\">\n\t\t\t<div class=\"elementor-widget-wrap elementor-element-populated\">\n\t\t\t\t\t\t\t\t<div class=\"elementor-element elementor-element-3796a17 elementor-widget elementor-widget-image\" data-id=\"3796a17\" data-element_type=\"widget\" data-widget_type=\"image.default\">\n\t\t\t\t<div class=\"elementor-widget-container\">\n\t\t\t<style>\/*! elementor - v3.7.8 - 02-10-2022 *\/\n.elementor-widget-image{text-align:center}.elementor-widget-image a{display:inline-block}.elementor-widget-image a img[src$=\".svg\"]{width:48px}.elementor-widget-image img{vertical-align:middle;display:inline-block}<\/style>\t\t\t\t\t\t\t\t\t\t\t\t\t<a href=\"https:\/\/reentec.com.tr\/wp-content\/uploads\/2022\/07\/2-1.jpeg\" data-elementor-open-lightbox=\"yes\" data-elementor-lightbox-title=\"2\" e-action-hash=\"#elementor-action%3Aaction%3Dlightbox%26settings%3DeyJpZCI6MjUyNywidXJsIjoiaHR0cHM6XC9cL3JlZW50ZWMuY29tLnRyXC93cC1jb250ZW50XC91cGxvYWRzXC8yMDIyXC8wN1wvMi0xLmpwZWcifQ%3D%3D\">\n\t\t\t\t\t\t\t<img loading=\"lazy\" decoding=\"async\" width=\"770\" height=\"527\" src=\"https:\/\/reentec.com.tr\/wp-content\/uploads\/2022\/07\/2-1.jpeg\" class=\"attachment-large size-large\" alt=\"\" srcset=\"https:\/\/reentec.com.tr\/wp-content\/uploads\/2022\/07\/2-1.jpeg 770w, https:\/\/reentec.com.tr\/wp-content\/uploads\/2022\/07\/2-1-300x205.jpeg 300w, https:\/\/reentec.com.tr\/wp-content\/uploads\/2022\/07\/2-1-768x526.jpeg 768w\" sizes=\"auto, (max-width: 770px) 100vw, 770px\" \/>\t\t\t\t\t\t\t\t<\/a>\n\t\t\t\t\t\t\t\t\t\t\t\t\t\t\t<\/div>\n\t\t\t\t<\/div>\n\t\t\t\t\t<\/div>\n\t\t<\/div>\n\t\t\t\t<div class=\"elementor-column elementor-col-50 elementor-inner-column elementor-element elementor-element-b36d373\" data-id=\"b36d373\" data-element_type=\"column\">\n\t\t\t<div class=\"elementor-widget-wrap elementor-element-populated\">\n\t\t\t\t\t\t\t\t<div class=\"elementor-element elementor-element-3f8de97 elementor-widget elementor-widget-image\" data-id=\"3f8de97\" data-element_type=\"widget\" data-widget_type=\"image.default\">\n\t\t\t\t<div class=\"elementor-widget-container\">\n\t\t\t\t\t\t\t\t\t\t\t\t\t\t\t\t<a href=\"https:\/\/reentec.com.tr\/wp-content\/uploads\/2022\/07\/003-1-1.jpeg\" data-elementor-open-lightbox=\"yes\" data-elementor-lightbox-title=\"003\" e-action-hash=\"#elementor-action%3Aaction%3Dlightbox%26settings%3DeyJpZCI6MjQ4MywidXJsIjoiaHR0cHM6XC9cL3JlZW50ZWMuY29tLnRyXC93cC1jb250ZW50XC91cGxvYWRzXC8yMDIyXC8wN1wvMDAzLTEtMS5qcGVnIn0%3D\">\n\t\t\t\t\t\t\t<img loading=\"lazy\" decoding=\"async\" width=\"1024\" height=\"684\" src=\"https:\/\/reentec.com.tr\/wp-content\/uploads\/2022\/07\/003-1-1-1024x684.jpeg\" class=\"attachment-large size-large\" alt=\"\" srcset=\"https:\/\/reentec.com.tr\/wp-content\/uploads\/2022\/07\/003-1-1-1024x684.jpeg 1024w, https:\/\/reentec.com.tr\/wp-content\/uploads\/2022\/07\/003-1-1-300x200.jpeg 300w, https:\/\/reentec.com.tr\/wp-content\/uploads\/2022\/07\/003-1-1-768x513.jpeg 768w, https:\/\/reentec.com.tr\/wp-content\/uploads\/2022\/07\/003-1-1.jpeg 1200w\" sizes=\"auto, (max-width: 1024px) 100vw, 1024px\" \/>\t\t\t\t\t\t\t\t<\/a>\n\t\t\t\t\t\t\t\t\t\t\t\t\t\t\t<\/div>\n\t\t\t\t<\/div>\n\t\t\t\t\t<\/div>\n\t\t<\/div>\n\t\t\t\t\t\t\t<\/div>\n\t\t<\/section>\n\t\t\t\t<div class=\"elementor-element elementor-element-a6bdfa5 elementor-widget elementor-widget-heading\" data-id=\"a6bdfa5\" data-element_type=\"widget\" data-widget_type=\"heading.default\">\n\t\t\t\t<div class=\"elementor-widget-container\">\n\t\t\t<h2 class=\"elementor-heading-title elementor-size-default\">Teknik Servis Hizmet Kapsam\u0131m\u0131z<\/h2>\t\t<\/div>\n\t\t\t\t<\/div>\n\t\t\t\t<div class=\"elementor-element elementor-element-0e3f9b2 elementor-widget elementor-widget-heading\" data-id=\"0e3f9b2\" data-element_type=\"widget\" data-widget_type=\"heading.default\">\n\t\t\t\t<div class=\"elementor-widget-container\">\n\t\t\t<p class=\"elementor-heading-title elementor-size-default\"><\/br>\u2022\tR\u00fczgar T\u00fcrbinleri Bak\u0131m Onar\u0131m Retrofit \u00c7al\u0131\u015fmalar\u0131\n<\/br><\/br>\u2022\tG\u00fcne\u015f Enerji Santralleri Periyodik Bak\u0131m , \u00d6l\u00e7\u00fcm\n<\/br><\/br>\u2022\tTesis Harmonik \u00d6l\u00e7\u00fcmleri\n<\/br><\/br>\u2022\tHarmonik Analiz Raporlar\u0131\n<\/br><\/br>\u2022\tTopraklama \u00d6l\u00e7\u00fcm\u00fc ve Raporlama Hizmetleri\n<\/br><\/br>\u2022\tTermal G\u00f6r\u00fcnt\u00fcleme ve Raporlama Hizmetleri\n<\/br><\/br>\u2022\tEnerji Analizi ve Raporlama Hizmetleri\n<\/br><\/br>\u2022\tTesis Teknik \u0130\u015fletim ve Bak\u0131m Hizmetleri\n<\/br><\/br>\u2022\tEnerji T\u00fcketimi Et\u00fcd\u00fc ve Tasarruf \u00d6neri Raporlar\u0131\n<\/br><\/br>\u2022\tPeriyodik Bak\u0131m Hizmetleri\n<\/br><\/br>\u2022\tOrta Gerilim\/ Al\u00e7ak Gerilim Tesis Kabul Hizmetleri\n<\/br><\/br>\u2022\tY\u00fcksek Gerilim \u0130\u015fletme Sorumlulu\u011fu ( Trafo M\u00fc\u015favirlik Hizmetleri)\n\n<\/br><\/br><\/br><\/p>\t\t<\/div>\n\t\t\t\t<\/div>\n\t\t\t\t<section class=\"elementor-section elementor-inner-section elementor-element elementor-element-ea94ae8 elementor-section-boxed elementor-section-height-default elementor-section-height-default\" data-id=\"ea94ae8\" data-element_type=\"section\">\n\t\t\t\t\t\t<div class=\"elementor-container elementor-column-gap-default\">\n\t\t\t\t\t<div class=\"elementor-column elementor-col-33 elementor-inner-column elementor-element elementor-element-c8173c5\" data-id=\"c8173c5\" data-element_type=\"column\">\n\t\t\t<div class=\"elementor-widget-wrap elementor-element-populated\">\n\t\t\t\t\t\t\t\t<div class=\"elementor-element elementor-element-f24f2fa elementor-widget elementor-widget-modina_icons\" data-id=\"f24f2fa\" data-element_type=\"widget\" data-widget_type=\"modina_icons.default\">\n\t\t\t\t<div class=\"elementor-widget-container\">\n\t\t\t                <div class=\"icon\">\r\n            <i class=\"flaticon-green-energy\"><\/i>\r\n        <\/div>\r\n            \t\t<\/div>\n\t\t\t\t<\/div>\n\t\t\t\t<div class=\"elementor-element elementor-element-737b069 elementor-widget elementor-widget-heading\" data-id=\"737b069\" data-element_type=\"widget\" data-widget_type=\"heading.default\">\n\t\t\t\t<div class=\"elementor-widget-container\">\n\t\t\t<h5 class=\"elementor-heading-title elementor-size-default\"> We Design & Ship\nSolar Systems<\/h5>\t\t<\/div>\n\t\t\t\t<\/div>\n\t\t\t\t\t<\/div>\n\t\t<\/div>\n\t\t\t\t<div class=\"elementor-column elementor-col-33 elementor-inner-column elementor-element elementor-element-aebd005\" data-id=\"aebd005\" data-element_type=\"column\">\n\t\t\t<div class=\"elementor-widget-wrap elementor-element-populated\">\n\t\t\t\t\t\t\t\t<div class=\"elementor-element elementor-element-bbbda2e elementor-widget elementor-widget-modina_icons\" data-id=\"bbbda2e\" data-element_type=\"widget\" data-widget_type=\"modina_icons.default\">\n\t\t\t\t<div class=\"elementor-widget-container\">\n\t\t\t                <div class=\"icon\">\r\n            <i class=\"flaticon-contract\"><\/i>\r\n        <\/div>\r\n            \t\t<\/div>\n\t\t\t\t<\/div>\n\t\t\t\t<div class=\"elementor-element elementor-element-4b09c02 elementor-widget elementor-widget-heading\" data-id=\"4b09c02\" data-element_type=\"widget\" data-widget_type=\"heading.default\">\n\t\t\t\t<div class=\"elementor-widget-container\">\n\t\t\t<h5 class=\"elementor-heading-title elementor-size-default\">You Install System, Or Contract With Us<\/h5>\t\t<\/div>\n\t\t\t\t<\/div>\n\t\t\t\t\t<\/div>\n\t\t<\/div>\n\t\t\t\t<div class=\"elementor-column elementor-col-33 elementor-inner-column elementor-element elementor-element-50f8234\" data-id=\"50f8234\" data-element_type=\"column\">\n\t\t\t<div class=\"elementor-widget-wrap elementor-element-populated\">\n\t\t\t\t\t\t\t\t<div class=\"elementor-element elementor-element-863d673 elementor-widget elementor-widget-modina_icons\" data-id=\"863d673\" data-element_type=\"widget\" data-widget_type=\"modina_icons.default\">\n\t\t\t\t<div class=\"elementor-widget-container\">\n\t\t\t                <div class=\"icon\">\r\n            <i class=\"flaticon-light-bulb\"><\/i>\r\n        <\/div>\r\n            \t\t<\/div>\n\t\t\t\t<\/div>\n\t\t\t\t<div class=\"elementor-element elementor-element-027d7da elementor-widget elementor-widget-heading\" data-id=\"027d7da\" data-element_type=\"widget\" data-widget_type=\"heading.default\">\n\t\t\t\t<div class=\"elementor-widget-container\">\n\t\t\t<h5 class=\"elementor-heading-title elementor-size-default\">smartest way to generate electricity<\/h5>\t\t<\/div>\n\t\t\t\t<\/div>\n\t\t\t\t\t<\/div>\n\t\t<\/div>\n\t\t\t\t\t\t\t<\/div>\n\t\t<\/section>\n\t\t\t\t<section class=\"elementor-section elementor-inner-section elementor-element elementor-element-d8e540b elementor-section-full_width elementor-section-height-default elementor-section-height-default\" data-id=\"d8e540b\" data-element_type=\"section\">\n\t\t\t\t\t\t<div class=\"elementor-container elementor-column-gap-no\">\n\t\t\t\t\t<div class=\"elementor-column elementor-col-100 elementor-inner-column elementor-element elementor-element-ec5be86\" data-id=\"ec5be86\" data-element_type=\"column\">\n\t\t\t<div class=\"elementor-widget-wrap elementor-element-populated\">\n\t\t\t\t\t\t\t\t<div class=\"elementor-element elementor-element-fc25c39 elementor-widget elementor-widget-modina_features_carousel\" data-id=\"fc25c39\" data-element_type=\"widget\" data-widget_type=\"modina_features_carousel.default\">\n\t\t\t\t<div class=\"elementor-widget-container\">\n\t\t\t    \r\n            <div class=\"core-features-carousel id-454 text-start\">\r\n                    <div class=\"single-features-item\">\r\n                                <div class=\"icon\">\r\n                    <i class=\"flaticon-solar-panel\"><\/i>\r\n                <\/div>\r\n                                <div class=\"contents\">\r\n                    <h4>Solar Maintenance<\/h4>\r\n                    <p>It is a long established fact that a reader will be distracted by the readable content of a page.<\/p>\r\n                <\/div>\r\n            <\/div>\r\n                        <div class=\"single-features-item\">\r\n                                <div class=\"icon\">\r\n                    <i class=\"flaticon-solar-house\"><\/i>\r\n                <\/div>\r\n                                <div class=\"contents\">\r\n                    <h4>Easy Installation<\/h4>\r\n                    <p>It is a long established fact that a reader will be distracted by the readable content of a page.<\/p>\r\n                <\/div>\r\n            <\/div>\r\n                        <div class=\"single-features-item\">\r\n                                <div class=\"icon\">\r\n                    <i class=\"flaticon-renewable-energy-2\"><\/i>\r\n                <\/div>\r\n                                <div class=\"contents\">\r\n                    <h4>Renewable Energy<\/h4>\r\n                    <p>It is a long established fact that a reader will be distracted by the readable content of a page.<\/p>\r\n                <\/div>\r\n            <\/div>\r\n                        <div class=\"single-features-item\">\r\n                                <div class=\"icon\">\r\n                    <i class=\"flaticon-save\"><\/i>\r\n                <\/div>\r\n                                <div class=\"contents\">\r\n                    <h4>Energy Saving<\/h4>\r\n                    <p>It is a long established fact that a reader will be distracted by the readable content of a page.<\/p>\r\n                <\/div>\r\n            <\/div>\r\n                        <div class=\"single-features-item\">\r\n                                <div class=\"icon\">\r\n                    <i class=\"flaticon-green-energy-3\"><\/i>\r\n                <\/div>\r\n                                <div class=\"contents\">\r\n                    <h4>Energy Solution<\/h4>\r\n                    <p>It is a long established fact that a reader will be distracted by the readable content of a page.<\/p>\r\n                <\/div>\r\n            <\/div>\r\n                        <div class=\"single-features-item\">\r\n                                <div class=\"icon\">\r\n                    <i class=\"flaticon-workers\"><\/i>\r\n                <\/div>\r\n                                <div class=\"contents\">\r\n                    <h4>Certified Engineers<\/h4>\r\n                    <p>It is a long established fact that a reader will be distracted by the readable content of a page.<\/p>\r\n                <\/div>\r\n            <\/div>\r\n                        <div class=\"single-features-item\">\r\n                                <div class=\"icon\">\r\n                    <i class=\"flaticon-money\"><\/i>\r\n                <\/div>\r\n                                <div class=\"contents\">\r\n                    <h4>Money Back\nGuarantee<\/h4>\r\n                    <p>It is a long established fact that a reader will be distracted by the readable content of a page.<\/p>\r\n                <\/div>\r\n            <\/div>\r\n                        <div class=\"single-features-item\">\r\n                                <div class=\"icon\">\r\n                    <i class=\"flaticon-support\"><\/i>\r\n                <\/div>\r\n                                <div class=\"contents\">\r\n                    <h4>Technical\nSupport<\/h4>\r\n                    <p>It is a long established fact that a reader will be distracted by the readable content of a page.<\/p>\r\n                <\/div>\r\n            <\/div>\r\n                    <\/div>\r\n\r\n        <script>\r\n            (function ( $ ) {\r\n                \"use strict\";\r\n                $(document).ready( function() {\r\n                    $('.core-features-carousel.id-454').slick({\r\n                        autoplay: true,\r\n                        infinite: true,\r\n                        speed: 7000,\r\n                        slidesToShow: 3,\r\n                        slidesToScroll: 2, \r\n                        arrows: true,\r\n                        prevArrow:\"<button type='button' class='slick-prev pull-left'><i class='fal fa-arrow-left' aria-hidden='true'><\/i><\/button>\",\r\n                        nextArrow:\"<button type='button' class='slick-next pull-right'><i class='fal fa-arrow-right' aria-hidden='true'><\/i><\/button>\",\r\n                        dots: false,\r\n                        responsive: [\r\n                            {\r\n                                breakpoint: 1191,\r\n                                settings: {\r\n                                    slidesToShow: 3,\r\n                                    center: true,\r\n                                }\r\n                            },\r\n                            {\r\n                                breakpoint: 991,\r\n                                settings: {\r\n                                    slidesToShow: 2,\r\n                                    center: true,\r\n                                }\r\n                            },\r\n                            {\r\n                                breakpoint: 768,\r\n                                settings: {\r\n                                    slidesToShow: 1,\r\n                                    center: true,\r\n                                }\r\n                            },\r\n                            {\r\n                                breakpoint: 580,\r\n                                settings: {\r\n                                    slidesToShow: 1\r\n                                }\r\n                            },\r\n                        ],\r\n                    });\r\n                });\r\n            }( jQuery ));\r\n        <\/script>\r\n    \t\t<\/div>\n\t\t\t\t<\/div>\n\t\t\t\t\t<\/div>\n\t\t<\/div>\n\t\t\t\t\t\t\t<\/div>\n\t\t<\/section>\n\t\t\t\t\t<\/div>\n\t\t<\/div>\n\t\t\t\t\t\t\t<\/div>\n\t\t<\/section>\n\t\t\t\t\t\t\t<\/div>\n\t\t","protected":false},"excerpt":{"rendered":"<p>Teknik Servis M\u00fchendislik , i\u015fletme maliyetlerini azaltman\u0131n , rekabet g\u00fcc\u00fcn\u00fcn ve y\u00fcksek verimlili\u011fin b\u00fcy\u00fck \u00f6nem ta\u015f\u0131d\u0131\u011f\u0131 g\u00fcn\u00fcm\u00fcz yap\u0131lar\u0131nda , enerji kalitesi analizi , topraklama \u00f6l\u00e7\u00fcm\u00fc , termal g\u00f6r\u00fcnt\u00fcleme hizmetlerini sa\u011flar. Teknik Servis departman\u0131 , ndislik proje ve taahh\u00fct s\u00fcre\u00e7leri sonras\u0131nda da m\u00fc\u015fteri memnuniyeti hedefine paralel olarak uzman kadrosuyla 7 g\u00fcn 24 saat hizmet vermektedir. Teknik [&hellip;]<\/p>\n","protected":false},"author":1,"featured_media":0,"parent":0,"menu_order":0,"comment_status":"closed","ping_status":"closed","template":"","meta":{"footnotes":""},"class_list":["post-3656","page","type-page","status-publish","hentry"],"acf":[],"_links":{"self":[{"href":"https:\/\/reentec.com.tr\/index.php?rest_route=\/wp\/v2\/pages\/3656","targetHints":{"allow":["GET"]}}],"collection":[{"href":"https:\/\/reentec.com.tr\/index.php?rest_route=\/wp\/v2\/pages"}],"about":[{"href":"https:\/\/reentec.com.tr\/index.php?rest_route=\/wp\/v2\/types\/page"}],"author":[{"embeddable":true,"href":"https:\/\/reentec.com.tr\/index.php?rest_route=\/wp\/v2\/users\/1"}],"replies":[{"embeddable":true,"href":"https:\/\/reentec.com.tr\/index.php?rest_route=%2Fwp%2Fv2%2Fcomments&post=3656"}],"version-history":[{"count":13,"href":"https:\/\/reentec.com.tr\/index.php?rest_route=\/wp\/v2\/pages\/3656\/revisions"}],"predecessor-version":[{"id":3984,"href":"https:\/\/reentec.com.tr\/index.php?rest_route=\/wp\/v2\/pages\/3656\/revisions\/3984"}],"wp:attachment":[{"href":"https:\/\/reentec.com.tr\/index.php?rest_route=%2Fwp%2Fv2%2Fmedia&parent=3656"}],"curies":[{"name":"wp","href":"https:\/\/api.w.org\/{rel}","templated":true}]}}