{"id":3756,"date":"2023-04-17T12:24:51","date_gmt":"2023-04-17T12:24:51","guid":{"rendered":"https:\/\/reentec.com.tr\/?page_id=3756"},"modified":"2023-06-13T12:06:40","modified_gmt":"2023-06-13T12:06:40","slug":"yenilenebilir-enerji-yatirimlari","status":"publish","type":"page","link":"https:\/\/reentec.com.tr\/?page_id=3756","title":{"rendered":"Yenilenebilir Enerji Yat\u0131r\u0131mlar\u0131"},"content":{"rendered":"\t\t<div data-elementor-type=\"wp-page\" data-elementor-id=\"3756\" class=\"elementor elementor-3756\">\n\t\t\t\t\t\t\t\t\t<section class=\"elementor-section elementor-top-section elementor-element elementor-element-7606564 elementor-section-boxed elementor-section-height-default elementor-section-height-default\" data-id=\"7606564\" data-element_type=\"section\">\n\t\t\t\t\t\t<div class=\"elementor-container elementor-column-gap-default\">\n\t\t\t\t\t<div class=\"elementor-column elementor-col-100 elementor-top-column elementor-element elementor-element-c9ca86d\" data-id=\"c9ca86d\" data-element_type=\"column\">\n\t\t\t<div class=\"elementor-widget-wrap elementor-element-populated\">\n\t\t\t\t\t\t\t\t<div class=\"elementor-element elementor-element-a6513ae elementor-widget elementor-widget-text-editor\" data-id=\"a6513ae\" data-element_type=\"widget\" data-widget_type=\"text-editor.default\">\n\t\t\t\t<div class=\"elementor-widget-container\">\n\t\t\t<style>\/*! elementor - v3.7.8 - 02-10-2022 *\/\n.elementor-widget-text-editor.elementor-drop-cap-view-stacked .elementor-drop-cap{background-color:#818a91;color:#fff}.elementor-widget-text-editor.elementor-drop-cap-view-framed .elementor-drop-cap{color:#818a91;border:3px solid;background-color:transparent}.elementor-widget-text-editor:not(.elementor-drop-cap-view-default) .elementor-drop-cap{margin-top:8px}.elementor-widget-text-editor:not(.elementor-drop-cap-view-default) .elementor-drop-cap-letter{width:1em;height:1em}.elementor-widget-text-editor .elementor-drop-cap{float:left;text-align:center;line-height:1;font-size:50px}.elementor-widget-text-editor .elementor-drop-cap-letter{display:inline-block}<\/style>\t\t\t\t<p>\u00dclkemizde her ge\u00e7en g\u00fcn artan enerji ihtiyac\u0131m\u0131z\u0131 kar\u015f\u0131lama ad\u0131na \u201cYenilenebilir Enerji Kaynaklar\u0131ndan Yararlanma\u201d fikri ile birlikte yat\u0131r\u0131ma uygun ve verimlili\u011fi y\u00fcksek olan alanlarda \u00fclkenin enerji ihtiyac\u0131n\u0131 kar\u015f\u0131lamak ad\u0131na te\u015fvik edilen imkanlarla bu alanda da yeni ortaya \u00e7\u0131kan yat\u0131r\u0131m \u015fekli konusunda da firmam\u0131z sizlere hizmet vermektedir.<\/p><p>\u00a0<\/p><p>\u00a0<\/p><p><strong>GES ve Res Projesinde yat\u0131r\u0131mc\u0131lar\u0131n ihtiya\u00e7 duyacaklar\u0131:<\/strong><\/p><p>Topraklama Malzemeleri,<\/p><p>\u0130nverter Beslemeleri i\u00e7in G\u00fc\u00e7 Kablolar\u0131,<\/p><p>O.G. Besleme (XLPE) Kablolar\u0131,<\/p><p>DC (Solar) Kablo,<\/p><p>O.G. Beton K\u00f6\u015fk ve H\u00fccreleri,<\/p><p>O.G. A\u015f\u0131r\u0131 Ak\u0131m ve Fider Y\u00f6netim R\u00f6leleri,<\/p><p>Enerji Nakil Hatt\u0131 Malzemeleri,<\/p><p>A.G. Ana Da\u011f\u0131t\u0131m ve Kompanzasyon Panosu,<\/p><p>konular\u0131nda hem malzeme temini hem de Taahh\u00fcd\u00fc ger\u00e7ekle\u015ftirme anlam\u0131nda firmam\u0131z ekibinden projenize uygun makul ve h\u0131zl\u0131 \u015fekilde temin ve gerekli proje hizmeti sa\u011flama konusunda firmam\u0131zdan gerekli deste\u011fi alabilirsiniz.<\/p><p>\u00a0<\/p><p>\u00a0<\/p><p><strong>Proje Uygulama Alanlar\u0131<\/strong><\/p><p>O.G ve Trafo Tesis \u0130\u015flerinin Kurulumu<\/p><p>Busbar<\/p><p>Ayd\u0131nlatma Paratoner ve Topraklama<\/p><p>CCTV<\/p><p>Data Sistemleri<\/p><p>Yang\u0131n-G\u00fcvenlik ve Kamera Sistemleri<\/p><p>Jenerat\u00f6r Projelendirme<\/p><p>PLC ve Scada Otomasyon Projeleri<\/p><p>Yenilenebilir Enerji Projelendirme<\/p><p>\u00a0<\/p><p><strong>Enerji Projelendirme<\/strong><\/p><p>GES, R\u00fczg\u00e2r ve Biyogaz gibi yenilenebilir enerji sistemlerine yat\u0131r\u0131m yapmadan \u00f6nce do\u011fru projelendirme yat\u0131r\u0131m\u0131n fizibilitesi a\u00e7\u0131s\u0131ndan \u00e7ok \u00f6nemlidir. TEK ENERJ\u0130 olarak dan\u0131\u015fmanl\u0131k hizmeti kapsam\u0131nda, yenilenebilir enerji yat\u0131r\u0131m\u0131 planlayan yat\u0131r\u0131mc\u0131lar\u0131m\u0131za yat\u0131r\u0131m karar\u0131 verilebilmesi i\u00e7in gerekli t\u00fcm verileri sa\u011fl\u0131yoruz.<\/p><p>\u00a0<\/p><p>Yenilenebilir enerji proje haz\u0131rlama \u00e7\u00f6z\u00fcmlerimiz ile ilgili hizmet talebiniz i\u00e7in l\u00fctfen bizimle ileti\u015fime ge\u00e7in.<\/p><p>\u00a0<\/p><p>\u00a0<\/p><p><strong>GES Bak\u0131m ve Onar\u0131m<\/strong><\/p><p>\u00a0<\/p><p>Bak\u0131m ve Onar\u0131m Detaylar\u0131<\/p><p>Rutin Bak\u0131m \u0130\u015flemleri<\/p><p>AC\/DC sistemlerinin \u00f6nleyici denetimi<\/p><p>PV mod\u00fcl durumu harici g\u00f6rsel denetimi<\/p><p>Ta\u015f\u0131y\u0131c\u0131 konstr\u00fcksiyonun harici g\u00f6rsel denetimi<\/p><p>\u0130nverterlerin g\u00f6rsel denetimi<\/p><p>Kablo kanallar\u0131 ve kablolar\u0131n genel durumu kontrol\u00fc<\/p><p>\u0130zleme verilerine dayanarak, elektri\u011fin \u00f6l\u00e7\u00fcs\u00fc ve dizi gerilimi kontrol\u00fc<\/p><p>Dizilerin, inverterlerin ve panellerin elektrik ba\u011flant\u0131s\u0131 kontrol\u00fc<\/p><p>Yap\u0131lan d\u00fczeltici \u00e7al\u0131\u015fmalar hak\u0131nda raporlama<\/p><p>\u00d6nleyici ve Koruyucu Bak\u0131m Plan\u0131<\/p><p>\u00a0<\/p><p><strong>Paneller<\/strong><\/p><p>Panellerin g\u00f6rsel denetlenmesi<\/p><p>Panellerin Ta\u015f\u0131y\u0131c\u0131 sisteme ba\u011flant\u0131lar\u0131n\u0131n mekanik denetlenmesi<\/p><p>Panellerin ba\u011flant\u0131 kutular\u0131 ve kablolar\u0131n\u0131n kontrol\u00fc<\/p><p>Sapma tespit edilen dizilerin ak\u0131m gerilim \u00f6l\u00e7\u00fcmlerinin yap\u0131lmas\u0131<\/p><p>\u00a0<\/p><p><strong>Ta\u015f\u0131y\u0131c\u0131 Sistem<\/strong><\/p><p>Ta\u015f\u0131y\u0131c\u0131 sistemin hasar ve paslanmaya kar\u015f\u0131 g\u00f6rsel denetlenmesi<\/p><p>Ta\u015f\u0131y\u0131c\u0131 sistemin mekanik kontrol\u00fc ve panel tutucular\u0131n\u0131n denetlenmesi<\/p><p>Ta\u015f\u0131y\u0131c\u0131 sistemin geometrisinde olu\u015fabilecek kaymalar\u0131n giderilmesi<\/p><p>\u00a0<\/p><p><strong>DC Kablolama<\/strong><\/p><p>DC kablolar\u0131n g\u00f6rsel denetlenmesi<\/p><p>DC kablo kanallar\u0131n\u0131n denetlenmesi<\/p><p>Ba\u011flant\u0131 konekt\u00f6rlerinin g\u00f6rsel denetlenmesi<\/p><p>\u00a0<\/p><p><strong>\u0130nverterler<\/strong><\/p><p>\u0130nverterlerin g\u00f6rsel denetlenmesi<\/p><p>Hava filtresinin temizlenmesi veya de\u011fi\u015ftirilmesi<\/p><p>\u0130nverterlerin temizlenmesi<\/p><p>DC ve AC kablo ba\u011flant\u0131lar\u0131n\u0131n denetlenmesi<\/p><p>Giri\u015f-\u00e7\u0131k\u0131\u015f ak\u0131m\/voltaj\/g\u00fc\u00e7 kontrol\u00fc<\/p><p>\u0130\u00e7 fanlar\u0131n do\u011fru \u00e7al\u0131\u015ft\u0131klar\u0131n\u0131n denetlenmesi<\/p><p>\u00a0<\/p><p><strong>AC kablolama<\/strong><\/p><p>Olas\u0131 hasarlara kar\u015f\u0131 g\u00f6rsel denetleme<\/p><p>Elektrik ba\u011flant\u0131 noktalar\u0131n\u0131n denetlenmesi<\/p><p>Parafudrlar\u0131n denetlenmesi<\/p><p>Sigortalar\u0131n ve ka\u00e7ak ak\u0131m r\u00f6lelerinin denetlenmesi<\/p><p>\u00a0<\/p><p><strong>Uzaktan \u0130zleme Sistemi<\/strong><\/p><p>Uzaktan izleme panosu, izleme ekipmanlar\u0131 ve kablolaman\u0131n g\u00f6rsel denetimi<\/p><p>Saya\u00e7lar\u0131n g\u00f6rsel denetlenmesi<\/p><p>Haberle\u015fme sistemi kablolar\u0131n\u0131n denetlenmesi<\/p><p>\u00a0<\/p><p><strong>Genel<\/strong><\/p><p>Tel \u00e7it, kap\u0131 ve benzer alt yap\u0131 elemanlar\u0131n\u0131n g\u00f6rsel denetimi<\/p><p>Etiketleme ve uyar\u0131 levhalar\u0131n\u0131n kontrol\u00fc ve gerekti\u011finde de\u011fi\u015fimi<\/p><p>Topraklama<\/p><p>Topraklama ekipmanlar\u0131 ba\u011flant\u0131 noktalar\u0131 kontrol\u00fc<\/p><p>Topraklama \u00f6l\u00e7\u00fcmlerinin yap\u0131lmas\u0131<\/p><p>AG Da\u011f\u0131t\u0131m Panolar\u0131<\/p><p>Da\u011f\u0131t\u0131m panolar\u0131 g\u00f6rsel denetimi<\/p><p>Da\u011f\u0131t\u0131m panolar\u0131 temizlenmesi<\/p><p>\u00d6l\u00e7\u00fc aletleri kontrol\u00fc<\/p><p>Sigorta, \u015falter, ka\u00e7ak ak\u0131m vb. fonksiyon kontrol\u00fc<\/p><p>OG H\u00fccreleri ve Ekipmanlar\u0131<\/p><p>OG h\u00fccreleri ve ekipmanlar\u0131n g\u00f6rsel denetimi<\/p><p>Topraklama kontrol\u00fc<\/p><p>Kesici ve ay\u0131r\u0131c\u0131lar\u0131n fonksiyon kontrol\u00fc<\/p><p>Kumanda sistemi kontrol\u00fc<\/p><p>Mekanik kol ve kilit kontrol\u00fc<\/p><p>Yang\u0131n s\u00f6nd\u00fcr\u00fcc\u00fc kontrol\u00fc<\/p><p>\u00d6l\u00e7\u00fc aletleri kontrol\u00fc<\/p><p>H\u00fccre i\u00e7i temizlik<\/p><p>Ba\u011flant\u0131 noktas\u0131 kontrol\u00fc<\/p><p>Hat koruma r\u00f6lesi fonksiyon kontrol\u00fc<\/p><p>Trafo ve Beton K\u00f6\u015fk<\/p><p>Trafo ve beton k\u00f6\u015fk ekipmanlar\u0131n g\u00f6rsel denetimi<\/p><p>Topraklama kontrol\u00fc<\/p><p>Trafo fonksiyon kontrol\u00fc<\/p><p>Ba\u011flant\u0131 noktas\u0131 kontrol\u00fc<\/p><p>OG ve AG Ba\u015fl\u0131klar\u0131 kontrol\u00fc<\/p><p>XLPE kablo kontrolleri<\/p><p>Bar24 kontrol\u00fc<\/p><p>Trafo ya\u011f\u0131 kontrol\u00fc ve analizi<\/p><p>K\u00f6\u015fk i\u00e7i temizlik<\/p><p>Trafo mekanik sabitleme kontrol\u00fc<\/p><p>Enerji Nakil Hatt\u0131<\/p><p>Enerji nakil hatt\u0131 ekipmanlar\u0131 g\u00f6rsel denetimi<\/p><p>Enerji nakil hatt\u0131 topraklama kontrol\u00fc<\/p><p>Enerji nakil hatt\u0131 fonksiyon kontrol\u00fc<\/p><p>\u00dcretici talimatlar\u0131na g\u00f6re yap\u0131lmas\u0131 gereken t\u00fcm denetimler<\/p><p>Ba\u011flant\u0131 noktas\u0131 kontrol\u00fc<\/p><p>XLPE travers ba\u011flant\u0131 kontrol\u00fc<\/p><p>OG sigorta kontrol\u00fc<\/p><p>\u00a0<\/p><p><strong>GES Panel Temizli\u011fi<\/strong><\/p><p>Panellerin temizli\u011fi kire\u00e7 i\u00e7ermeyen saf su ile yap\u0131l\u0131r. B\u00f6lgeye g\u00f6re de\u011fi\u015fmekle birlikte genel olarak y\u0131lda 2-3 defa temizlik yap\u0131lmas\u0131 yeterlidir. Reentec Enerji olarak panel bak\u0131m ve temizli\u011fi hizmeti vermekteyiz.<\/p>\t\t\t\t\t\t<\/div>\n\t\t\t\t<\/div>\n\t\t\t\t\t<\/div>\n\t\t<\/div>\n\t\t\t\t\t\t\t<\/div>\n\t\t<\/section>\n\t\t\t\t\t\t\t<\/div>\n\t\t","protected":false},"excerpt":{"rendered":"<p>\u00dclkemizde her ge\u00e7en g\u00fcn artan enerji ihtiyac\u0131m\u0131z\u0131 kar\u015f\u0131lama ad\u0131na \u201cYenilenebilir Enerji Kaynaklar\u0131ndan Yararlanma\u201d fikri ile birlikte yat\u0131r\u0131ma uygun ve verimlili\u011fi y\u00fcksek olan alanlarda \u00fclkenin enerji ihtiyac\u0131n\u0131 kar\u015f\u0131lamak ad\u0131na te\u015fvik edilen imkanlarla bu alanda da yeni ortaya \u00e7\u0131kan yat\u0131r\u0131m \u015fekli konusunda da firmam\u0131z sizlere hizmet vermektedir. \u00a0 \u00a0 GES ve Res Projesinde yat\u0131r\u0131mc\u0131lar\u0131n ihtiya\u00e7 duyacaklar\u0131: Topraklama [&hellip;]<\/p>\n","protected":false},"author":1,"featured_media":0,"parent":0,"menu_order":0,"comment_status":"closed","ping_status":"closed","template":"","meta":{"footnotes":""},"class_list":["post-3756","page","type-page","status-publish","hentry"],"acf":[],"_links":{"self":[{"href":"https:\/\/reentec.com.tr\/index.php?rest_route=\/wp\/v2\/pages\/3756","targetHints":{"allow":["GET"]}}],"collection":[{"href":"https:\/\/reentec.com.tr\/index.php?rest_route=\/wp\/v2\/pages"}],"about":[{"href":"https:\/\/reentec.com.tr\/index.php?rest_route=\/wp\/v2\/types\/page"}],"author":[{"embeddable":true,"href":"https:\/\/reentec.com.tr\/index.php?rest_route=\/wp\/v2\/users\/1"}],"replies":[{"embeddable":true,"href":"https:\/\/reentec.com.tr\/index.php?rest_route=%2Fwp%2Fv2%2Fcomments&post=3756"}],"version-history":[{"count":7,"href":"https:\/\/reentec.com.tr\/index.php?rest_route=\/wp\/v2\/pages\/3756\/revisions"}],"predecessor-version":[{"id":3967,"href":"https:\/\/reentec.com.tr\/index.php?rest_route=\/wp\/v2\/pages\/3756\/revisions\/3967"}],"wp:attachment":[{"href":"https:\/\/reentec.com.tr\/index.php?rest_route=%2Fwp%2Fv2%2Fmedia&parent=3756"}],"curies":[{"name":"wp","href":"https:\/\/api.w.org\/{rel}","templated":true}]}}