{"id":3761,"date":"2023-04-17T12:26:01","date_gmt":"2023-04-17T12:26:01","guid":{"rendered":"https:\/\/reentec.com.tr\/?page_id=3761"},"modified":"2023-06-13T12:12:30","modified_gmt":"2023-06-13T12:12:30","slug":"enerji-verimliligi-analizi-ve-raporlama","status":"publish","type":"page","link":"https:\/\/reentec.com.tr\/?page_id=3761","title":{"rendered":"Enerji Verimlili\u011fi Analizi ve Raporlama"},"content":{"rendered":"\t\t<div data-elementor-type=\"wp-page\" data-elementor-id=\"3761\" class=\"elementor elementor-3761\">\n\t\t\t\t\t\t\t\t\t<section class=\"elementor-section elementor-top-section elementor-element elementor-element-db6b465 elementor-section-boxed elementor-section-height-default elementor-section-height-default\" data-id=\"db6b465\" data-element_type=\"section\">\n\t\t\t\t\t\t<div class=\"elementor-container elementor-column-gap-default\">\n\t\t\t\t\t<div class=\"elementor-column elementor-col-100 elementor-top-column elementor-element elementor-element-d0c116e\" data-id=\"d0c116e\" data-element_type=\"column\">\n\t\t\t<div class=\"elementor-widget-wrap elementor-element-populated\">\n\t\t\t\t\t\t\t\t<div class=\"elementor-element elementor-element-979faf2 elementor-widget elementor-widget-heading\" data-id=\"979faf2\" data-element_type=\"widget\" data-widget_type=\"heading.default\">\n\t\t\t\t<div class=\"elementor-widget-container\">\n\t\t\t<style>\/*! elementor - v3.7.8 - 02-10-2022 *\/\n.elementor-heading-title{padding:0;margin:0;line-height:1}.elementor-widget-heading .elementor-heading-title[class*=elementor-size-]>a{color:inherit;font-size:inherit;line-height:inherit}.elementor-widget-heading .elementor-heading-title.elementor-size-small{font-size:15px}.elementor-widget-heading .elementor-heading-title.elementor-size-medium{font-size:19px}.elementor-widget-heading .elementor-heading-title.elementor-size-large{font-size:29px}.elementor-widget-heading .elementor-heading-title.elementor-size-xl{font-size:39px}.elementor-widget-heading .elementor-heading-title.elementor-size-xxl{font-size:59px}<\/style><h2 class=\"elementor-heading-title elementor-size-default\">Enerji Verimlili\u011fi Analizi ve Raporlama<\/h2>\t\t<\/div>\n\t\t\t\t<\/div>\n\t\t\t\t<div class=\"elementor-element elementor-element-148b3ea elementor-widget elementor-widget-heading\" data-id=\"148b3ea\" data-element_type=\"widget\" data-widget_type=\"heading.default\">\n\t\t\t\t<div class=\"elementor-widget-container\">\n\t\t\t<p class=\"elementor-heading-title elementor-size-default\">Enerji Verimlili\u011finizi Maksimize Ediyoruz<br>\n<\/br> Buhar, elektrik, ve \u0131s\u0131da ki enerji kay\u0131plar\u0131n\u0131 minimize etmek ve \u00e7e\u015fitli at\u0131klar\u0131 de\u011ferlendirilerek geri kazan\u0131m\u0131n\u0131 sa\u011flamak enerji verimlili\u011finin temel esaslar\u0131ndand\u0131r. Enerji talebi, \u00fcretim de\u011ferlerinde de\u011fi\u015fiklik olmadan en aza indirilir. Enerji tasarrufu enerji kay\u0131plar\u0131n\u0131n \u00f6nlenmesi, enerji at\u0131klar\u0131n\u0131n y\u00fcksek verimde de\u011ferlendirilmesi ve t\u00fcketilen enerji miktar\u0131n\u0131n konfor \u015fartlar\u0131n\u0131 d\u00fc\u015f\u00fcrmeden en aza indirilmesidir.<br>\n<\/br> Reentec Enerji olarak enerji verimlili\u011fi dan\u0131\u015fmanl\u0131\u011f\u0131n\u0131z\u0131 yaparak mevcut elektrik t\u00fcketimi tarifelerinizin uygun fiyatlarda de\u011fi\u015ftirilmesini ve faturan\u0131zdaki tarifeleri analiz ederek elektrik t\u00fcketiminizin do\u011fru ve verimli bir \u015fekilde kullan\u0131lmas\u0131n\u0131 sa\u011fl\u0131yoruz.<\/p>\t\t<\/div>\n\t\t\t\t<\/div>\n\t\t\t\t<section class=\"elementor-section elementor-inner-section elementor-element elementor-element-0c114b1 elementor-section-full_width elementor-section-height-default elementor-section-height-default\" data-id=\"0c114b1\" data-element_type=\"section\">\n\t\t\t\t\t\t<div class=\"elementor-container elementor-column-gap-default\">\n\t\t\t\t\t<div class=\"elementor-column elementor-col-50 elementor-inner-column elementor-element elementor-element-5ebd528\" data-id=\"5ebd528\" data-element_type=\"column\">\n\t\t\t<div class=\"elementor-widget-wrap elementor-element-populated\">\n\t\t\t\t\t\t\t\t<div class=\"elementor-element elementor-element-5e645e1 elementor-widget elementor-widget-image\" data-id=\"5e645e1\" data-element_type=\"widget\" data-widget_type=\"image.default\">\n\t\t\t\t<div class=\"elementor-widget-container\">\n\t\t\t<style>\/*! elementor - v3.7.8 - 02-10-2022 *\/\n.elementor-widget-image{text-align:center}.elementor-widget-image a{display:inline-block}.elementor-widget-image a img[src$=\".svg\"]{width:48px}.elementor-widget-image img{vertical-align:middle;display:inline-block}<\/style>\t\t\t\t\t\t\t\t\t\t\t\t\t<a href=\"https:\/\/reentec.com.tr\/wp-content\/uploads\/2022\/07\/team6-1.jpeg\" data-elementor-open-lightbox=\"yes\" data-elementor-lightbox-title=\"team6\" e-action-hash=\"#elementor-action%3Aaction%3Dlightbox%26settings%3DeyJpZCI6MjQ5NCwidXJsIjoiaHR0cHM6XC9cL3JlZW50ZWMuY29tLnRyXC93cC1jb250ZW50XC91cGxvYWRzXC8yMDIyXC8wN1wvdGVhbTYtMS5qcGVnIn0%3D\">\n\t\t\t\t\t\t\t<img loading=\"lazy\" decoding=\"async\" width=\"570\" height=\"668\" src=\"https:\/\/reentec.com.tr\/wp-content\/uploads\/2022\/07\/team6-1.jpeg\" class=\"attachment-large size-large\" alt=\"\" srcset=\"https:\/\/reentec.com.tr\/wp-content\/uploads\/2022\/07\/team6-1.jpeg 570w, https:\/\/reentec.com.tr\/wp-content\/uploads\/2022\/07\/team6-1-256x300.jpeg 256w\" sizes=\"auto, (max-width: 570px) 100vw, 570px\" \/>\t\t\t\t\t\t\t\t<\/a>\n\t\t\t\t\t\t\t\t\t\t\t\t\t\t\t<\/div>\n\t\t\t\t<\/div>\n\t\t\t\t\t<\/div>\n\t\t<\/div>\n\t\t\t\t<div class=\"elementor-column elementor-col-50 elementor-inner-column elementor-element elementor-element-96c7b92\" data-id=\"96c7b92\" data-element_type=\"column\">\n\t\t\t<div class=\"elementor-widget-wrap elementor-element-populated\">\n\t\t\t\t\t\t\t\t<div class=\"elementor-element elementor-element-457ebf1 elementor-widget elementor-widget-image\" data-id=\"457ebf1\" data-element_type=\"widget\" data-widget_type=\"image.default\">\n\t\t\t\t<div class=\"elementor-widget-container\">\n\t\t\t\t\t\t\t\t\t\t\t\t\t\t\t\t<a href=\"https:\/\/reentec.com.tr\/wp-content\/uploads\/2022\/07\/team5-1.jpeg\" data-elementor-open-lightbox=\"yes\" data-elementor-lightbox-title=\"team5\" e-action-hash=\"#elementor-action%3Aaction%3Dlightbox%26settings%3DeyJpZCI6MjQ5NSwidXJsIjoiaHR0cHM6XC9cL3JlZW50ZWMuY29tLnRyXC93cC1jb250ZW50XC91cGxvYWRzXC8yMDIyXC8wN1wvdGVhbTUtMS5qcGVnIn0%3D\">\n\t\t\t\t\t\t\t<img loading=\"lazy\" decoding=\"async\" width=\"570\" height=\"668\" src=\"https:\/\/reentec.com.tr\/wp-content\/uploads\/2022\/07\/team5-1.jpeg\" class=\"attachment-large size-large\" alt=\"\" srcset=\"https:\/\/reentec.com.tr\/wp-content\/uploads\/2022\/07\/team5-1.jpeg 570w, https:\/\/reentec.com.tr\/wp-content\/uploads\/2022\/07\/team5-1-256x300.jpeg 256w\" sizes=\"auto, (max-width: 570px) 100vw, 570px\" \/>\t\t\t\t\t\t\t\t<\/a>\n\t\t\t\t\t\t\t\t\t\t\t\t\t\t\t<\/div>\n\t\t\t\t<\/div>\n\t\t\t\t\t<\/div>\n\t\t<\/div>\n\t\t\t\t\t\t\t<\/div>\n\t\t<\/section>\n\t\t\t\t<section class=\"elementor-section elementor-inner-section elementor-element elementor-element-6c46d6b elementor-section-boxed elementor-section-height-default elementor-section-height-default\" data-id=\"6c46d6b\" data-element_type=\"section\">\n\t\t\t\t\t\t<div class=\"elementor-container elementor-column-gap-default\">\n\t\t\t\t\t<div class=\"elementor-column elementor-col-33 elementor-inner-column elementor-element elementor-element-95081f2\" data-id=\"95081f2\" data-element_type=\"column\">\n\t\t\t<div class=\"elementor-widget-wrap elementor-element-populated\">\n\t\t\t\t\t\t\t\t<div class=\"elementor-element elementor-element-8c1fbae elementor-widget elementor-widget-modina_icons\" data-id=\"8c1fbae\" data-element_type=\"widget\" data-widget_type=\"modina_icons.default\">\n\t\t\t\t<div class=\"elementor-widget-container\">\n\t\t\t                <div class=\"icon\">\r\n            <i class=\"flaticon-green-energy\"><\/i>\r\n        <\/div>\r\n            \t\t<\/div>\n\t\t\t\t<\/div>\n\t\t\t\t<div class=\"elementor-element elementor-element-41dfc2b elementor-widget elementor-widget-heading\" data-id=\"41dfc2b\" data-element_type=\"widget\" data-widget_type=\"heading.default\">\n\t\t\t\t<div class=\"elementor-widget-container\">\n\t\t\t<h5 class=\"elementor-heading-title elementor-size-default\"> We Design & Ship\nSolar Systems<\/h5>\t\t<\/div>\n\t\t\t\t<\/div>\n\t\t\t\t\t<\/div>\n\t\t<\/div>\n\t\t\t\t<div class=\"elementor-column elementor-col-33 elementor-inner-column elementor-element elementor-element-ccea280\" data-id=\"ccea280\" data-element_type=\"column\">\n\t\t\t<div class=\"elementor-widget-wrap elementor-element-populated\">\n\t\t\t\t\t\t\t\t<div class=\"elementor-element elementor-element-f89272e elementor-widget elementor-widget-modina_icons\" data-id=\"f89272e\" data-element_type=\"widget\" data-widget_type=\"modina_icons.default\">\n\t\t\t\t<div class=\"elementor-widget-container\">\n\t\t\t                <div class=\"icon\">\r\n            <i class=\"flaticon-contract\"><\/i>\r\n        <\/div>\r\n            \t\t<\/div>\n\t\t\t\t<\/div>\n\t\t\t\t<div class=\"elementor-element elementor-element-2098dc2 elementor-widget elementor-widget-heading\" data-id=\"2098dc2\" data-element_type=\"widget\" data-widget_type=\"heading.default\">\n\t\t\t\t<div class=\"elementor-widget-container\">\n\t\t\t<h5 class=\"elementor-heading-title elementor-size-default\">You Install System, Or Contract With Us<\/h5>\t\t<\/div>\n\t\t\t\t<\/div>\n\t\t\t\t\t<\/div>\n\t\t<\/div>\n\t\t\t\t<div class=\"elementor-column elementor-col-33 elementor-inner-column elementor-element elementor-element-9d94688\" data-id=\"9d94688\" data-element_type=\"column\">\n\t\t\t<div class=\"elementor-widget-wrap elementor-element-populated\">\n\t\t\t\t\t\t\t\t<div class=\"elementor-element elementor-element-0ad2916 elementor-widget elementor-widget-modina_icons\" data-id=\"0ad2916\" data-element_type=\"widget\" data-widget_type=\"modina_icons.default\">\n\t\t\t\t<div class=\"elementor-widget-container\">\n\t\t\t                <div class=\"icon\">\r\n            <i class=\"flaticon-light-bulb\"><\/i>\r\n        <\/div>\r\n            \t\t<\/div>\n\t\t\t\t<\/div>\n\t\t\t\t<div class=\"elementor-element elementor-element-9adde01 elementor-widget elementor-widget-heading\" data-id=\"9adde01\" data-element_type=\"widget\" data-widget_type=\"heading.default\">\n\t\t\t\t<div class=\"elementor-widget-container\">\n\t\t\t<h5 class=\"elementor-heading-title elementor-size-default\">smartest way to generate electricity<\/h5>\t\t<\/div>\n\t\t\t\t<\/div>\n\t\t\t\t\t<\/div>\n\t\t<\/div>\n\t\t\t\t\t\t\t<\/div>\n\t\t<\/section>\n\t\t\t\t\t<\/div>\n\t\t<\/div>\n\t\t\t\t\t\t\t<\/div>\n\t\t<\/section>\n\t\t\t\t\t\t\t<\/div>\n\t\t","protected":false},"excerpt":{"rendered":"<p>Enerji Verimlili\u011fi Analizi ve Raporlama Enerji Verimlili\u011finizi Maksimize Ediyoruz Buhar, elektrik, ve \u0131s\u0131da ki enerji kay\u0131plar\u0131n\u0131 minimize etmek ve \u00e7e\u015fitli at\u0131klar\u0131 de\u011ferlendirilerek geri kazan\u0131m\u0131n\u0131 sa\u011flamak enerji verimlili\u011finin temel esaslar\u0131ndand\u0131r. Enerji talebi, \u00fcretim de\u011ferlerinde de\u011fi\u015fiklik olmadan en aza indirilir. Enerji tasarrufu enerji kay\u0131plar\u0131n\u0131n \u00f6nlenmesi, enerji at\u0131klar\u0131n\u0131n y\u00fcksek verimde de\u011ferlendirilmesi ve t\u00fcketilen enerji miktar\u0131n\u0131n konfor \u015fartlar\u0131n\u0131 d\u00fc\u015f\u00fcrmeden [&hellip;]<\/p>\n","protected":false},"author":1,"featured_media":0,"parent":0,"menu_order":0,"comment_status":"closed","ping_status":"closed","template":"","meta":{"footnotes":""},"class_list":["post-3761","page","type-page","status-publish","hentry"],"acf":[],"_links":{"self":[{"href":"https:\/\/reentec.com.tr\/index.php?rest_route=\/wp\/v2\/pages\/3761","targetHints":{"allow":["GET"]}}],"collection":[{"href":"https:\/\/reentec.com.tr\/index.php?rest_route=\/wp\/v2\/pages"}],"about":[{"href":"https:\/\/reentec.com.tr\/index.php?rest_route=\/wp\/v2\/types\/page"}],"author":[{"embeddable":true,"href":"https:\/\/reentec.com.tr\/index.php?rest_route=\/wp\/v2\/users\/1"}],"replies":[{"embeddable":true,"href":"https:\/\/reentec.com.tr\/index.php?rest_route=%2Fwp%2Fv2%2Fcomments&post=3761"}],"version-history":[{"count":13,"href":"https:\/\/reentec.com.tr\/index.php?rest_route=\/wp\/v2\/pages\/3761\/revisions"}],"predecessor-version":[{"id":3976,"href":"https:\/\/reentec.com.tr\/index.php?rest_route=\/wp\/v2\/pages\/3761\/revisions\/3976"}],"wp:attachment":[{"href":"https:\/\/reentec.com.tr\/index.php?rest_route=%2Fwp%2Fv2%2Fmedia&parent=3761"}],"curies":[{"name":"wp","href":"https:\/\/api.w.org\/{rel}","templated":true}]}}