{"id":3766,"date":"2023-04-17T12:26:34","date_gmt":"2023-04-17T12:26:34","guid":{"rendered":"https:\/\/reentec.com.tr\/?page_id=3766"},"modified":"2023-06-13T12:40:07","modified_gmt":"2023-06-13T12:40:07","slug":"test-ve-olcumler","status":"publish","type":"page","link":"https:\/\/reentec.com.tr\/?page_id=3766","title":{"rendered":"Test ve \u00d6l\u00e7\u00fcmler"},"content":{"rendered":"\t\t<div data-elementor-type=\"wp-page\" data-elementor-id=\"3766\" class=\"elementor elementor-3766\">\n\t\t\t\t\t\t\t\t\t<section class=\"elementor-section elementor-top-section elementor-element elementor-element-d0efe0f elementor-section-boxed elementor-section-height-default elementor-section-height-default\" data-id=\"d0efe0f\" data-element_type=\"section\">\n\t\t\t\t\t\t<div class=\"elementor-container elementor-column-gap-default\">\n\t\t\t\t\t<div class=\"elementor-column elementor-col-100 elementor-top-column elementor-element elementor-element-fb75c34\" data-id=\"fb75c34\" data-element_type=\"column\">\n\t\t\t<div class=\"elementor-widget-wrap\">\n\t\t\t\t\t\t\t\t\t<\/div>\n\t\t<\/div>\n\t\t\t\t\t\t\t<\/div>\n\t\t<\/section>\n\t\t\t\t<section class=\"elementor-section elementor-top-section elementor-element elementor-element-6e0b70b elementor-section-boxed elementor-section-height-default elementor-section-height-default\" data-id=\"6e0b70b\" data-element_type=\"section\">\n\t\t\t\t\t\t<div class=\"elementor-container elementor-column-gap-default\">\n\t\t\t\t\t<div class=\"elementor-column elementor-col-100 elementor-top-column elementor-element elementor-element-897a94f\" data-id=\"897a94f\" data-element_type=\"column\">\n\t\t\t<div class=\"elementor-widget-wrap elementor-element-populated\">\n\t\t\t\t\t\t\t\t<div class=\"elementor-element elementor-element-0039cfc elementor-widget elementor-widget-heading\" data-id=\"0039cfc\" data-element_type=\"widget\" data-widget_type=\"heading.default\">\n\t\t\t\t<div class=\"elementor-widget-container\">\n\t\t\t<style>\/*! elementor - v3.7.8 - 02-10-2022 *\/\n.elementor-heading-title{padding:0;margin:0;line-height:1}.elementor-widget-heading .elementor-heading-title[class*=elementor-size-]>a{color:inherit;font-size:inherit;line-height:inherit}.elementor-widget-heading .elementor-heading-title.elementor-size-small{font-size:15px}.elementor-widget-heading .elementor-heading-title.elementor-size-medium{font-size:19px}.elementor-widget-heading .elementor-heading-title.elementor-size-large{font-size:29px}.elementor-widget-heading .elementor-heading-title.elementor-size-xl{font-size:39px}.elementor-widget-heading .elementor-heading-title.elementor-size-xxl{font-size:59px}<\/style><h2 class=\"elementor-heading-title elementor-size-default\">Test ve \u00d6l\u00e7\u00fcmler<\/h2>\t\t<\/div>\n\t\t\t\t<\/div>\n\t\t\t\t<div class=\"elementor-element elementor-element-8c40460 elementor-widget elementor-widget-heading\" data-id=\"8c40460\" data-element_type=\"widget\" data-widget_type=\"heading.default\">\n\t\t\t\t<div class=\"elementor-widget-container\">\n\t\t\t<p class=\"elementor-heading-title elementor-size-default\">\u2022\tPrimer ve sekonder test i\u015flemleri<\/br>\n\u2022\tTermal kamera \u00f6l\u00e7\u00fcmleri<\/br>\n\u2022\tTopraklama \u00f6l\u00e7\u00fcmleri<\/br>\n\u2022\t\u0130\u00e7 tesisat uygunluk raporlamas\u0131<\/br>\n\u2022\tHarmonik \u00f6l\u00e7\u00fcmleri<\/br>\n\u2022\tAyd\u0131nlatma \u00f6l\u00e7\u00fcmleri<\/br><\/p>\t\t<\/div>\n\t\t\t\t<\/div>\n\t\t\t\t<section class=\"elementor-section elementor-inner-section elementor-element elementor-element-ac3d704 elementor-section-full_width elementor-section-height-default elementor-section-height-default\" data-id=\"ac3d704\" data-element_type=\"section\">\n\t\t\t\t\t\t<div class=\"elementor-container elementor-column-gap-default\">\n\t\t\t\t\t<div class=\"elementor-column elementor-col-50 elementor-inner-column elementor-element elementor-element-e884799\" data-id=\"e884799\" data-element_type=\"column\">\n\t\t\t<div class=\"elementor-widget-wrap elementor-element-populated\">\n\t\t\t\t\t\t\t\t<div class=\"elementor-element elementor-element-d525e92 elementor-widget elementor-widget-image\" data-id=\"d525e92\" data-element_type=\"widget\" data-widget_type=\"image.default\">\n\t\t\t\t<div class=\"elementor-widget-container\">\n\t\t\t<style>\/*! elementor - v3.7.8 - 02-10-2022 *\/\n.elementor-widget-image{text-align:center}.elementor-widget-image a{display:inline-block}.elementor-widget-image a img[src$=\".svg\"]{width:48px}.elementor-widget-image img{vertical-align:middle;display:inline-block}<\/style>\t\t\t\t\t\t\t\t\t\t\t\t\t<a href=\"https:\/\/reentec.com.tr\/wp-content\/uploads\/2023\/06\/iStock-492916716-scaled.jpg\" data-elementor-open-lightbox=\"yes\" data-elementor-lightbox-title=\"Recording Solar Panels with Thermal Camera\" e-action-hash=\"#elementor-action%3Aaction%3Dlightbox%26settings%3DeyJpZCI6Mzk3NywidXJsIjoiaHR0cHM6XC9cL3JlZW50ZWMuY29tLnRyXC93cC1jb250ZW50XC91cGxvYWRzXC8yMDIzXC8wNlwvaVN0b2NrLTQ5MjkxNjcxNi1zY2FsZWQuanBnIn0%3D\">\n\t\t\t\t\t\t\t<img loading=\"lazy\" decoding=\"async\" width=\"1024\" height=\"683\" src=\"https:\/\/reentec.com.tr\/wp-content\/uploads\/2023\/06\/iStock-492916716-1024x683.jpg\" class=\"attachment-large size-large\" alt=\"\" srcset=\"https:\/\/reentec.com.tr\/wp-content\/uploads\/2023\/06\/iStock-492916716-1024x683.jpg 1024w, https:\/\/reentec.com.tr\/wp-content\/uploads\/2023\/06\/iStock-492916716-300x200.jpg 300w, https:\/\/reentec.com.tr\/wp-content\/uploads\/2023\/06\/iStock-492916716-768x512.jpg 768w, https:\/\/reentec.com.tr\/wp-content\/uploads\/2023\/06\/iStock-492916716-1536x1024.jpg 1536w, https:\/\/reentec.com.tr\/wp-content\/uploads\/2023\/06\/iStock-492916716-2048x1365.jpg 2048w\" sizes=\"auto, (max-width: 1024px) 100vw, 1024px\" \/>\t\t\t\t\t\t\t\t<\/a>\n\t\t\t\t\t\t\t\t\t\t\t\t\t\t\t<\/div>\n\t\t\t\t<\/div>\n\t\t\t\t\t<\/div>\n\t\t<\/div>\n\t\t\t\t<div class=\"elementor-column elementor-col-50 elementor-inner-column elementor-element elementor-element-c1963bf\" data-id=\"c1963bf\" data-element_type=\"column\">\n\t\t\t<div class=\"elementor-widget-wrap elementor-element-populated\">\n\t\t\t\t\t\t\t\t<div class=\"elementor-element elementor-element-3453c44 elementor-widget elementor-widget-image\" data-id=\"3453c44\" data-element_type=\"widget\" data-widget_type=\"image.default\">\n\t\t\t\t<div class=\"elementor-widget-container\">\n\t\t\t\t\t\t\t\t\t\t\t\t\t\t\t\t<a href=\"https:\/\/reentec.com.tr\/wp-content\/uploads\/2023\/06\/iStock-1463961416.jpg\" data-elementor-open-lightbox=\"yes\" data-elementor-lightbox-title=\"Isometric Electricity energy maintenance. Technician repair service of the powerline. Checking the operating voltage levels of the solar panel switchgear compartment.\" e-action-hash=\"#elementor-action%3Aaction%3Dlightbox%26settings%3DeyJpZCI6Mzk3OCwidXJsIjoiaHR0cHM6XC9cL3JlZW50ZWMuY29tLnRyXC93cC1jb250ZW50XC91cGxvYWRzXC8yMDIzXC8wNlwvaVN0b2NrLTE0NjM5NjE0MTYuanBnIn0%3D\">\n\t\t\t\t\t\t\t<img loading=\"lazy\" decoding=\"async\" width=\"1024\" height=\"683\" src=\"https:\/\/reentec.com.tr\/wp-content\/uploads\/2023\/06\/iStock-1463961416-1024x683.jpg\" class=\"attachment-large size-large\" alt=\"\" srcset=\"https:\/\/reentec.com.tr\/wp-content\/uploads\/2023\/06\/iStock-1463961416-1024x683.jpg 1024w, https:\/\/reentec.com.tr\/wp-content\/uploads\/2023\/06\/iStock-1463961416-300x200.jpg 300w, https:\/\/reentec.com.tr\/wp-content\/uploads\/2023\/06\/iStock-1463961416-768x512.jpg 768w, https:\/\/reentec.com.tr\/wp-content\/uploads\/2023\/06\/iStock-1463961416-1536x1024.jpg 1536w, https:\/\/reentec.com.tr\/wp-content\/uploads\/2023\/06\/iStock-1463961416-2048x1365.jpg 2048w\" sizes=\"auto, (max-width: 1024px) 100vw, 1024px\" \/>\t\t\t\t\t\t\t\t<\/a>\n\t\t\t\t\t\t\t\t\t\t\t\t\t\t\t<\/div>\n\t\t\t\t<\/div>\n\t\t\t\t\t<\/div>\n\t\t<\/div>\n\t\t\t\t\t\t\t<\/div>\n\t\t<\/section>\n\t\t\t\t<section class=\"elementor-section elementor-inner-section elementor-element elementor-element-7bde811 elementor-section-boxed elementor-section-height-default elementor-section-height-default\" data-id=\"7bde811\" data-element_type=\"section\">\n\t\t\t\t\t\t<div class=\"elementor-container elementor-column-gap-default\">\n\t\t\t\t\t<div class=\"elementor-column elementor-col-33 elementor-inner-column elementor-element elementor-element-f6240b7\" data-id=\"f6240b7\" data-element_type=\"column\">\n\t\t\t<div class=\"elementor-widget-wrap elementor-element-populated\">\n\t\t\t\t\t\t\t\t<div class=\"elementor-element elementor-element-422d4b9 elementor-widget elementor-widget-modina_icons\" data-id=\"422d4b9\" data-element_type=\"widget\" data-widget_type=\"modina_icons.default\">\n\t\t\t\t<div class=\"elementor-widget-container\">\n\t\t\t                <div class=\"icon\">\r\n            <i class=\"flaticon-green-energy\"><\/i>\r\n        <\/div>\r\n            \t\t<\/div>\n\t\t\t\t<\/div>\n\t\t\t\t<div class=\"elementor-element elementor-element-0d93237 elementor-widget elementor-widget-heading\" data-id=\"0d93237\" data-element_type=\"widget\" data-widget_type=\"heading.default\">\n\t\t\t\t<div class=\"elementor-widget-container\">\n\t\t\t<h5 class=\"elementor-heading-title elementor-size-default\"> We Design & Ship\nSolar Systems<\/h5>\t\t<\/div>\n\t\t\t\t<\/div>\n\t\t\t\t\t<\/div>\n\t\t<\/div>\n\t\t\t\t<div class=\"elementor-column elementor-col-33 elementor-inner-column elementor-element elementor-element-a61119d\" data-id=\"a61119d\" data-element_type=\"column\">\n\t\t\t<div class=\"elementor-widget-wrap elementor-element-populated\">\n\t\t\t\t\t\t\t\t<div class=\"elementor-element elementor-element-3dd8312 elementor-widget elementor-widget-modina_icons\" data-id=\"3dd8312\" data-element_type=\"widget\" data-widget_type=\"modina_icons.default\">\n\t\t\t\t<div class=\"elementor-widget-container\">\n\t\t\t                <div class=\"icon\">\r\n            <i class=\"flaticon-contract\"><\/i>\r\n        <\/div>\r\n            \t\t<\/div>\n\t\t\t\t<\/div>\n\t\t\t\t<div class=\"elementor-element elementor-element-c5322eb elementor-widget elementor-widget-heading\" data-id=\"c5322eb\" data-element_type=\"widget\" data-widget_type=\"heading.default\">\n\t\t\t\t<div class=\"elementor-widget-container\">\n\t\t\t<h5 class=\"elementor-heading-title elementor-size-default\">You Install System, Or Contract With Us<\/h5>\t\t<\/div>\n\t\t\t\t<\/div>\n\t\t\t\t\t<\/div>\n\t\t<\/div>\n\t\t\t\t<div class=\"elementor-column elementor-col-33 elementor-inner-column elementor-element elementor-element-b899068\" data-id=\"b899068\" data-element_type=\"column\">\n\t\t\t<div class=\"elementor-widget-wrap elementor-element-populated\">\n\t\t\t\t\t\t\t\t<div class=\"elementor-element elementor-element-df54e94 elementor-widget elementor-widget-modina_icons\" data-id=\"df54e94\" data-element_type=\"widget\" data-widget_type=\"modina_icons.default\">\n\t\t\t\t<div class=\"elementor-widget-container\">\n\t\t\t                <div class=\"icon\">\r\n            <i class=\"flaticon-light-bulb\"><\/i>\r\n        <\/div>\r\n            \t\t<\/div>\n\t\t\t\t<\/div>\n\t\t\t\t<div class=\"elementor-element elementor-element-168e1ee elementor-widget elementor-widget-heading\" data-id=\"168e1ee\" data-element_type=\"widget\" data-widget_type=\"heading.default\">\n\t\t\t\t<div class=\"elementor-widget-container\">\n\t\t\t<h5 class=\"elementor-heading-title elementor-size-default\">smartest way to generate electricity<\/h5>\t\t<\/div>\n\t\t\t\t<\/div>\n\t\t\t\t\t<\/div>\n\t\t<\/div>\n\t\t\t\t\t\t\t<\/div>\n\t\t<\/section>\n\t\t\t\t\t<\/div>\n\t\t<\/div>\n\t\t\t\t\t\t\t<\/div>\n\t\t<\/section>\n\t\t\t\t\t\t\t<\/div>\n\t\t","protected":false},"excerpt":{"rendered":"<p>Test ve \u00d6l\u00e7\u00fcmler \u2022 Primer ve sekonder test i\u015flemleri \u2022 Termal kamera \u00f6l\u00e7\u00fcmleri \u2022 Topraklama \u00f6l\u00e7\u00fcmleri \u2022 \u0130\u00e7 tesisat uygunluk raporlamas\u0131 \u2022 Harmonik \u00f6l\u00e7\u00fcmleri \u2022 Ayd\u0131nlatma \u00f6l\u00e7\u00fcmleri We Design &#038; Ship Solar Systems You Install System, Or Contract With Us smartest way to generate electricity<\/p>\n","protected":false},"author":1,"featured_media":0,"parent":0,"menu_order":0,"comment_status":"closed","ping_status":"closed","template":"","meta":{"footnotes":""},"class_list":["post-3766","page","type-page","status-publish","hentry"],"acf":[],"_links":{"self":[{"href":"https:\/\/reentec.com.tr\/index.php?rest_route=\/wp\/v2\/pages\/3766","targetHints":{"allow":["GET"]}}],"collection":[{"href":"https:\/\/reentec.com.tr\/index.php?rest_route=\/wp\/v2\/pages"}],"about":[{"href":"https:\/\/reentec.com.tr\/index.php?rest_route=\/wp\/v2\/types\/page"}],"author":[{"embeddable":true,"href":"https:\/\/reentec.com.tr\/index.php?rest_route=\/wp\/v2\/users\/1"}],"replies":[{"embeddable":true,"href":"https:\/\/reentec.com.tr\/index.php?rest_route=%2Fwp%2Fv2%2Fcomments&post=3766"}],"version-history":[{"count":7,"href":"https:\/\/reentec.com.tr\/index.php?rest_route=\/wp\/v2\/pages\/3766\/revisions"}],"predecessor-version":[{"id":3981,"href":"https:\/\/reentec.com.tr\/index.php?rest_route=\/wp\/v2\/pages\/3766\/revisions\/3981"}],"wp:attachment":[{"href":"https:\/\/reentec.com.tr\/index.php?rest_route=%2Fwp%2Fv2%2Fmedia&parent=3766"}],"curies":[{"name":"wp","href":"https:\/\/api.w.org\/{rel}","templated":true}]}}