{"id":3776,"date":"2023-04-17T12:32:36","date_gmt":"2023-04-17T12:32:36","guid":{"rendered":"https:\/\/reentec.com.tr\/?page_id=3776"},"modified":"2023-06-13T12:51:17","modified_gmt":"2023-06-13T12:51:17","slug":"yenilenebilir-enerji-yatirim-danismanligi","status":"publish","type":"page","link":"https:\/\/reentec.com.tr\/?page_id=3776","title":{"rendered":"Yenilenebilir Enerji Yat\u0131r\u0131m Dan\u0131\u015fmanl\u0131\u011f\u0131"},"content":{"rendered":"\t\t<div data-elementor-type=\"wp-page\" data-elementor-id=\"3776\" class=\"elementor elementor-3776\">\n\t\t\t\t\t\t\t\t\t<section class=\"elementor-section elementor-top-section elementor-element elementor-element-74f47fe elementor-section-boxed elementor-section-height-default elementor-section-height-default\" data-id=\"74f47fe\" data-element_type=\"section\">\n\t\t\t\t\t\t<div class=\"elementor-container elementor-column-gap-default\">\n\t\t\t\t\t<div class=\"elementor-column elementor-col-100 elementor-top-column elementor-element elementor-element-0d9183b\" data-id=\"0d9183b\" data-element_type=\"column\">\n\t\t\t<div class=\"elementor-widget-wrap\">\n\t\t\t\t\t\t\t\t\t<\/div>\n\t\t<\/div>\n\t\t\t\t\t\t\t<\/div>\n\t\t<\/section>\n\t\t\t\t<section class=\"elementor-section elementor-top-section elementor-element elementor-element-6bcce21 elementor-section-boxed elementor-section-height-default elementor-section-height-default\" data-id=\"6bcce21\" data-element_type=\"section\">\n\t\t\t\t\t\t<div class=\"elementor-container elementor-column-gap-default\">\n\t\t\t\t\t<div class=\"elementor-column elementor-col-100 elementor-top-column elementor-element elementor-element-03c85d8\" data-id=\"03c85d8\" data-element_type=\"column\">\n\t\t\t<div class=\"elementor-widget-wrap elementor-element-populated\">\n\t\t\t\t\t\t\t\t<div class=\"elementor-element elementor-element-4397a25 elementor-widget elementor-widget-heading\" data-id=\"4397a25\" data-element_type=\"widget\" data-widget_type=\"heading.default\">\n\t\t\t\t<div class=\"elementor-widget-container\">\n\t\t\t<style>\/*! elementor - v3.7.8 - 02-10-2022 *\/\n.elementor-heading-title{padding:0;margin:0;line-height:1}.elementor-widget-heading .elementor-heading-title[class*=elementor-size-]>a{color:inherit;font-size:inherit;line-height:inherit}.elementor-widget-heading .elementor-heading-title.elementor-size-small{font-size:15px}.elementor-widget-heading .elementor-heading-title.elementor-size-medium{font-size:19px}.elementor-widget-heading .elementor-heading-title.elementor-size-large{font-size:29px}.elementor-widget-heading .elementor-heading-title.elementor-size-xl{font-size:39px}.elementor-widget-heading .elementor-heading-title.elementor-size-xxl{font-size:59px}<\/style><h2 class=\"elementor-heading-title elementor-size-default\">Yenilenebilir Enerji Yat\u0131r\u0131m Dan\u0131\u015fmanl\u0131\u011f\u0131<\/h2>\t\t<\/div>\n\t\t\t\t<\/div>\n\t\t\t\t<div class=\"elementor-element elementor-element-29aae2d elementor-widget elementor-widget-heading\" data-id=\"29aae2d\" data-element_type=\"widget\" data-widget_type=\"heading.default\">\n\t\t\t\t<div class=\"elementor-widget-container\">\n\t\t\t<p class=\"elementor-heading-title elementor-size-default\"><b>Hizmet kapsam\u0131nda G\u00fcne\u015f Enerji Santrali (GES), R\u00fczgar Enerji Santrali (RES) ;<\/b><\/br><\/br>\n\nPotansiyel analizi,<\/br>\nAlan, zemin \u00e7al\u0131\u015fmalar\u0131,<\/br>\nBa\u011flant\u0131 noktalar\u0131n\u0131n incelenmesi,<\/br>\nB\u00f6lgesel ve noktasal iklim verilerinin belirlenmesi,<\/br>\nElektrik \u00fcretimi ve t\u00fcketiminin belirlenmesi,<\/br>\nOptimum sistem tasar\u0131m\u0131n\u0131n yap\u0131lmas\u0131,<\/br>\nEkipman se\u00e7imi ve projelendirilmesi,<\/br>\nKurulacak sistem i\u00e7in kapasite belirlenmesi,<\/br>\nGer\u00e7ekle\u015ftirilmi\u015f projeler ve referanslar hakk\u0131nda bilgilendirme,<\/br>\nYat\u0131r\u0131m maliyetlerinin hesaplanmas\u0131,<\/br>\nYat\u0131r\u0131m finansman modeli se\u00e7eneklerinin sunulmas\u0131,<\/br>\n2D, 3D tasar\u0131m ile yerle\u015fim plan\u0131 sunmaktad\u0131r.<\/br><\/p>\t\t<\/div>\n\t\t\t\t<\/div>\n\t\t\t\t<section class=\"elementor-section elementor-inner-section elementor-element elementor-element-f286993 elementor-section-full_width elementor-section-height-default elementor-section-height-default\" data-id=\"f286993\" data-element_type=\"section\">\n\t\t\t\t\t\t<div class=\"elementor-container elementor-column-gap-default\">\n\t\t\t\t\t<div class=\"elementor-column elementor-col-50 elementor-inner-column elementor-element elementor-element-a05ac6f\" data-id=\"a05ac6f\" data-element_type=\"column\">\n\t\t\t<div class=\"elementor-widget-wrap elementor-element-populated\">\n\t\t\t\t\t\t\t\t<div class=\"elementor-element elementor-element-4440f22 elementor-widget elementor-widget-image\" data-id=\"4440f22\" data-element_type=\"widget\" data-widget_type=\"image.default\">\n\t\t\t\t<div class=\"elementor-widget-container\">\n\t\t\t<style>\/*! elementor - v3.7.8 - 02-10-2022 *\/\n.elementor-widget-image{text-align:center}.elementor-widget-image a{display:inline-block}.elementor-widget-image a img[src$=\".svg\"]{width:48px}.elementor-widget-image img{vertical-align:middle;display:inline-block}<\/style>\t\t\t\t\t\t\t\t\t\t\t\t\t<a href=\"https:\/\/reentec.com.tr\/wp-content\/uploads\/2023\/06\/iStock-1333883652-scaled.jpg\" data-elementor-open-lightbox=\"yes\" data-elementor-lightbox-title=\"Businessman holding coin with tree growing on money coin stack and digital growth graph. Green business growth. Finance sustainable development.\" e-action-hash=\"#elementor-action%3Aaction%3Dlightbox%26settings%3DeyJpZCI6Mzk4NywidXJsIjoiaHR0cHM6XC9cL3JlZW50ZWMuY29tLnRyXC93cC1jb250ZW50XC91cGxvYWRzXC8yMDIzXC8wNlwvaVN0b2NrLTEzMzM4ODM2NTItc2NhbGVkLmpwZyJ9\">\n\t\t\t\t\t\t\t<img loading=\"lazy\" decoding=\"async\" width=\"1536\" height=\"900\" src=\"https:\/\/reentec.com.tr\/wp-content\/uploads\/2023\/06\/iStock-1333883652-1536x900.jpg\" class=\"attachment-1536x1536 size-1536x1536\" alt=\"\" srcset=\"https:\/\/reentec.com.tr\/wp-content\/uploads\/2023\/06\/iStock-1333883652-1536x900.jpg 1536w, https:\/\/reentec.com.tr\/wp-content\/uploads\/2023\/06\/iStock-1333883652-300x176.jpg 300w, https:\/\/reentec.com.tr\/wp-content\/uploads\/2023\/06\/iStock-1333883652-1024x600.jpg 1024w, https:\/\/reentec.com.tr\/wp-content\/uploads\/2023\/06\/iStock-1333883652-768x450.jpg 768w, https:\/\/reentec.com.tr\/wp-content\/uploads\/2023\/06\/iStock-1333883652-2048x1199.jpg 2048w\" sizes=\"auto, (max-width: 1536px) 100vw, 1536px\" \/>\t\t\t\t\t\t\t\t<\/a>\n\t\t\t\t\t\t\t\t\t\t\t\t\t\t\t<\/div>\n\t\t\t\t<\/div>\n\t\t\t\t\t<\/div>\n\t\t<\/div>\n\t\t\t\t<div class=\"elementor-column elementor-col-50 elementor-inner-column elementor-element elementor-element-50eefd6\" data-id=\"50eefd6\" data-element_type=\"column\">\n\t\t\t<div class=\"elementor-widget-wrap elementor-element-populated\">\n\t\t\t\t\t\t\t\t<div class=\"elementor-element elementor-element-3dac645 elementor-widget elementor-widget-image\" data-id=\"3dac645\" data-element_type=\"widget\" data-widget_type=\"image.default\">\n\t\t\t\t<div class=\"elementor-widget-container\">\n\t\t\t\t\t\t\t\t\t\t\t\t\t\t\t\t<a href=\"https:\/\/reentec.com.tr\/wp-content\/uploads\/2023\/06\/iStock-1225375936.jpg\" data-elementor-open-lightbox=\"yes\" data-elementor-lightbox-title=\"Lightbulb is located on the soil, and plant are growing.Renewable energy generation is essential in the future.\" e-action-hash=\"#elementor-action%3Aaction%3Dlightbox%26settings%3DeyJpZCI6Mzk4NiwidXJsIjoiaHR0cHM6XC9cL3JlZW50ZWMuY29tLnRyXC93cC1jb250ZW50XC91cGxvYWRzXC8yMDIzXC8wNlwvaVN0b2NrLTEyMjUzNzU5MzYuanBnIn0%3D\">\n\t\t\t\t\t\t\t<img loading=\"lazy\" decoding=\"async\" width=\"1024\" height=\"647\" src=\"https:\/\/reentec.com.tr\/wp-content\/uploads\/2023\/06\/iStock-1225375936-1024x647.jpg\" class=\"attachment-large size-large\" alt=\"\" srcset=\"https:\/\/reentec.com.tr\/wp-content\/uploads\/2023\/06\/iStock-1225375936-1024x647.jpg 1024w, https:\/\/reentec.com.tr\/wp-content\/uploads\/2023\/06\/iStock-1225375936-300x189.jpg 300w, https:\/\/reentec.com.tr\/wp-content\/uploads\/2023\/06\/iStock-1225375936-768x485.jpg 768w, https:\/\/reentec.com.tr\/wp-content\/uploads\/2023\/06\/iStock-1225375936-1536x970.jpg 1536w, https:\/\/reentec.com.tr\/wp-content\/uploads\/2023\/06\/iStock-1225375936-2048x1293.jpg 2048w\" sizes=\"auto, (max-width: 1024px) 100vw, 1024px\" \/>\t\t\t\t\t\t\t\t<\/a>\n\t\t\t\t\t\t\t\t\t\t\t\t\t\t\t<\/div>\n\t\t\t\t<\/div>\n\t\t\t\t\t<\/div>\n\t\t<\/div>\n\t\t\t\t\t\t\t<\/div>\n\t\t<\/section>\n\t\t\t\t<section class=\"elementor-section elementor-inner-section elementor-element elementor-element-25571c9 elementor-section-boxed elementor-section-height-default elementor-section-height-default\" data-id=\"25571c9\" data-element_type=\"section\">\n\t\t\t\t\t\t<div class=\"elementor-container elementor-column-gap-default\">\n\t\t\t\t\t<div class=\"elementor-column elementor-col-33 elementor-inner-column elementor-element elementor-element-7a9528c\" data-id=\"7a9528c\" data-element_type=\"column\">\n\t\t\t<div class=\"elementor-widget-wrap elementor-element-populated\">\n\t\t\t\t\t\t\t\t<div class=\"elementor-element elementor-element-d63b3b1 elementor-widget elementor-widget-modina_icons\" data-id=\"d63b3b1\" data-element_type=\"widget\" data-widget_type=\"modina_icons.default\">\n\t\t\t\t<div class=\"elementor-widget-container\">\n\t\t\t                <div class=\"icon\">\r\n            <i class=\"flaticon-green-energy\"><\/i>\r\n        <\/div>\r\n            \t\t<\/div>\n\t\t\t\t<\/div>\n\t\t\t\t<div class=\"elementor-element elementor-element-1255737 elementor-widget elementor-widget-heading\" data-id=\"1255737\" data-element_type=\"widget\" data-widget_type=\"heading.default\">\n\t\t\t\t<div class=\"elementor-widget-container\">\n\t\t\t<h5 class=\"elementor-heading-title elementor-size-default\"> We Design & Ship\nSolar Systems<\/h5>\t\t<\/div>\n\t\t\t\t<\/div>\n\t\t\t\t\t<\/div>\n\t\t<\/div>\n\t\t\t\t<div class=\"elementor-column elementor-col-33 elementor-inner-column elementor-element elementor-element-5594452\" data-id=\"5594452\" data-element_type=\"column\">\n\t\t\t<div class=\"elementor-widget-wrap elementor-element-populated\">\n\t\t\t\t\t\t\t\t<div class=\"elementor-element elementor-element-66a42e4 elementor-widget elementor-widget-modina_icons\" data-id=\"66a42e4\" data-element_type=\"widget\" data-widget_type=\"modina_icons.default\">\n\t\t\t\t<div class=\"elementor-widget-container\">\n\t\t\t                <div class=\"icon\">\r\n            <i class=\"flaticon-contract\"><\/i>\r\n        <\/div>\r\n            \t\t<\/div>\n\t\t\t\t<\/div>\n\t\t\t\t<div class=\"elementor-element elementor-element-f93a1b9 elementor-widget elementor-widget-heading\" data-id=\"f93a1b9\" data-element_type=\"widget\" data-widget_type=\"heading.default\">\n\t\t\t\t<div class=\"elementor-widget-container\">\n\t\t\t<h5 class=\"elementor-heading-title elementor-size-default\">You Install System, Or Contract With Us<\/h5>\t\t<\/div>\n\t\t\t\t<\/div>\n\t\t\t\t\t<\/div>\n\t\t<\/div>\n\t\t\t\t<div class=\"elementor-column elementor-col-33 elementor-inner-column elementor-element elementor-element-8e61222\" data-id=\"8e61222\" data-element_type=\"column\">\n\t\t\t<div class=\"elementor-widget-wrap elementor-element-populated\">\n\t\t\t\t\t\t\t\t<div class=\"elementor-element elementor-element-cf8f597 elementor-widget elementor-widget-modina_icons\" data-id=\"cf8f597\" data-element_type=\"widget\" data-widget_type=\"modina_icons.default\">\n\t\t\t\t<div class=\"elementor-widget-container\">\n\t\t\t                <div class=\"icon\">\r\n            <i class=\"flaticon-light-bulb\"><\/i>\r\n        <\/div>\r\n            \t\t<\/div>\n\t\t\t\t<\/div>\n\t\t\t\t<div class=\"elementor-element elementor-element-68bf965 elementor-widget elementor-widget-heading\" data-id=\"68bf965\" data-element_type=\"widget\" data-widget_type=\"heading.default\">\n\t\t\t\t<div class=\"elementor-widget-container\">\n\t\t\t<h5 class=\"elementor-heading-title elementor-size-default\">smartest way to generate electricity<\/h5>\t\t<\/div>\n\t\t\t\t<\/div>\n\t\t\t\t\t<\/div>\n\t\t<\/div>\n\t\t\t\t\t\t\t<\/div>\n\t\t<\/section>\n\t\t\t\t\t<\/div>\n\t\t<\/div>\n\t\t\t\t\t\t\t<\/div>\n\t\t<\/section>\n\t\t\t\t\t\t\t<\/div>\n\t\t","protected":false},"excerpt":{"rendered":"<p>Yenilenebilir Enerji Yat\u0131r\u0131m Dan\u0131\u015fmanl\u0131\u011f\u0131 Hizmet kapsam\u0131nda G\u00fcne\u015f Enerji Santrali (GES), R\u00fczgar Enerji Santrali (RES) ; Potansiyel analizi, Alan, zemin \u00e7al\u0131\u015fmalar\u0131, Ba\u011flant\u0131 noktalar\u0131n\u0131n incelenmesi, B\u00f6lgesel ve noktasal iklim verilerinin belirlenmesi, Elektrik \u00fcretimi ve t\u00fcketiminin belirlenmesi, Optimum sistem tasar\u0131m\u0131n\u0131n yap\u0131lmas\u0131, Ekipman se\u00e7imi ve projelendirilmesi, Kurulacak sistem i\u00e7in kapasite belirlenmesi, Ger\u00e7ekle\u015ftirilmi\u015f projeler ve referanslar hakk\u0131nda bilgilendirme, Yat\u0131r\u0131m maliyetlerinin [&hellip;]<\/p>\n","protected":false},"author":1,"featured_media":0,"parent":0,"menu_order":0,"comment_status":"closed","ping_status":"closed","template":"","meta":{"footnotes":""},"class_list":["post-3776","page","type-page","status-publish","hentry"],"acf":[],"_links":{"self":[{"href":"https:\/\/reentec.com.tr\/index.php?rest_route=\/wp\/v2\/pages\/3776","targetHints":{"allow":["GET"]}}],"collection":[{"href":"https:\/\/reentec.com.tr\/index.php?rest_route=\/wp\/v2\/pages"}],"about":[{"href":"https:\/\/reentec.com.tr\/index.php?rest_route=\/wp\/v2\/types\/page"}],"author":[{"embeddable":true,"href":"https:\/\/reentec.com.tr\/index.php?rest_route=\/wp\/v2\/users\/1"}],"replies":[{"embeddable":true,"href":"https:\/\/reentec.com.tr\/index.php?rest_route=%2Fwp%2Fv2%2Fcomments&post=3776"}],"version-history":[{"count":4,"href":"https:\/\/reentec.com.tr\/index.php?rest_route=\/wp\/v2\/pages\/3776\/revisions"}],"predecessor-version":[{"id":3990,"href":"https:\/\/reentec.com.tr\/index.php?rest_route=\/wp\/v2\/pages\/3776\/revisions\/3990"}],"wp:attachment":[{"href":"https:\/\/reentec.com.tr\/index.php?rest_route=%2Fwp%2Fv2%2Fmedia&parent=3776"}],"curies":[{"name":"wp","href":"https:\/\/api.w.org\/{rel}","templated":true}]}}