{"id":3778,"date":"2023-04-17T12:33:13","date_gmt":"2023-04-17T12:33:13","guid":{"rendered":"https:\/\/reentec.com.tr\/?page_id=3778"},"modified":"2023-04-17T12:33:14","modified_gmt":"2023-04-17T12:33:14","slug":"enerji-verimliligi-ve-yoneticiligi-danismanligi","status":"publish","type":"page","link":"https:\/\/reentec.com.tr\/?page_id=3778","title":{"rendered":"Enerji Verimlili\u011fi ve Y\u00f6neticili\u011fi Dan\u0131\u015fmanl\u0131\u011f\u0131"},"content":{"rendered":"","protected":false},"excerpt":{"rendered":"","protected":false},"author":1,"featured_media":0,"parent":0,"menu_order":0,"comment_status":"closed","ping_status":"closed","template":"","meta":{"footnotes":""},"class_list":["post-3778","page","type-page","status-publish","hentry"],"acf":[],"_links":{"self":[{"href":"https:\/\/reentec.com.tr\/index.php?rest_route=\/wp\/v2\/pages\/3778","targetHints":{"allow":["GET"]}}],"collection":[{"href":"https:\/\/reentec.com.tr\/index.php?rest_route=\/wp\/v2\/pages"}],"about":[{"href":"https:\/\/reentec.com.tr\/index.php?rest_route=\/wp\/v2\/types\/page"}],"author":[{"embeddable":true,"href":"https:\/\/reentec.com.tr\/index.php?rest_route=\/wp\/v2\/users\/1"}],"replies":[{"embeddable":true,"href":"https:\/\/reentec.com.tr\/index.php?rest_route=%2Fwp%2Fv2%2Fcomments&post=3778"}],"version-history":[{"count":1,"href":"https:\/\/reentec.com.tr\/index.php?rest_route=\/wp\/v2\/pages\/3778\/revisions"}],"predecessor-version":[{"id":3779,"href":"https:\/\/reentec.com.tr\/index.php?rest_route=\/wp\/v2\/pages\/3778\/revisions\/3779"}],"wp:attachment":[{"href":"https:\/\/reentec.com.tr\/index.php?rest_route=%2Fwp%2Fv2%2Fmedia&parent=3778"}],"curies":[{"name":"wp","href":"https:\/\/api.w.org\/{rel}","templated":true}]}}