{"id":4036,"date":"2023-09-28T09:39:07","date_gmt":"2023-09-28T09:39:07","guid":{"rendered":"https:\/\/reentec.com.tr\/?page_id=4036"},"modified":"2023-09-28T09:52:05","modified_gmt":"2023-09-28T09:52:05","slug":"teklif-al","status":"publish","type":"page","link":"https:\/\/reentec.com.tr\/?page_id=4036","title":{"rendered":"Teklif Al"},"content":{"rendered":"\t\t<div data-elementor-type=\"wp-page\" data-elementor-id=\"4036\" class=\"elementor elementor-4036\">\n\t\t\t\t\t\t\t\t\t<section class=\"elementor-section elementor-top-section elementor-element elementor-element-e83774d elementor-section-boxed elementor-section-height-default elementor-section-height-default\" data-id=\"e83774d\" data-element_type=\"section\">\n\t\t\t\t\t\t<div class=\"elementor-container elementor-column-gap-default\">\n\t\t\t\t\t<div class=\"elementor-column elementor-col-100 elementor-top-column elementor-element elementor-element-81f3423\" data-id=\"81f3423\" data-element_type=\"column\">\n\t\t\t<div class=\"elementor-widget-wrap\">\n\t\t\t\t\t\t\t\t\t<\/div>\n\t\t<\/div>\n\t\t\t\t\t\t\t<\/div>\n\t\t<\/section>\n\t\t\t\t<section class=\"elementor-section elementor-top-section elementor-element elementor-element-7b2d631 elementor-section-boxed elementor-section-height-default elementor-section-height-default\" data-id=\"7b2d631\" data-element_type=\"section\">\n\t\t\t\t\t\t<div class=\"elementor-container elementor-column-gap-default\">\n\t\t\t\t\t<div class=\"elementor-column elementor-col-100 elementor-top-column elementor-element elementor-element-7405008\" data-id=\"7405008\" data-element_type=\"column\">\n\t\t\t<div class=\"elementor-widget-wrap elementor-element-populated\">\n\t\t\t\t\t\t\t\t<div class=\"elementor-element elementor-element-7049e4f elementor-widget elementor-widget-heading\" data-id=\"7049e4f\" data-element_type=\"widget\" data-widget_type=\"heading.default\">\n\t\t\t\t<div class=\"elementor-widget-container\">\n\t\t\t<style>\/*! elementor - v3.7.8 - 02-10-2022 *\/\n.elementor-heading-title{padding:0;margin:0;line-height:1}.elementor-widget-heading .elementor-heading-title[class*=elementor-size-]>a{color:inherit;font-size:inherit;line-height:inherit}.elementor-widget-heading .elementor-heading-title.elementor-size-small{font-size:15px}.elementor-widget-heading .elementor-heading-title.elementor-size-medium{font-size:19px}.elementor-widget-heading .elementor-heading-title.elementor-size-large{font-size:29px}.elementor-widget-heading .elementor-heading-title.elementor-size-xl{font-size:39px}.elementor-widget-heading .elementor-heading-title.elementor-size-xxl{font-size:59px}<\/style><h2 class=\"elementor-heading-title elementor-size-default\">Teklif Al<\/h2>\t\t<\/div>\n\t\t\t\t<\/div>\n\t\t\t\t<div class=\"elementor-element elementor-element-3f9a427 elementor-widget elementor-widget-heading\" data-id=\"3f9a427\" data-element_type=\"widget\" data-widget_type=\"heading.default\">\n\t\t\t\t<div class=\"elementor-widget-container\">\n\t\t\t<p class=\"elementor-heading-title elementor-size-default\">Ges Santrali kurulum Teklifi i\u00e7in butonu t\u0131klay\u0131n\u0131z.  <\/p>\t\t<\/div>\n\t\t\t\t<\/div>\n\t\t\t\t<div class=\"elementor-element elementor-element-324668c elementor-button-success elementor-widget elementor-widget-button\" data-id=\"324668c\" data-element_type=\"widget\" data-widget_type=\"button.default\">\n\t\t\t\t<div class=\"elementor-widget-container\">\n\t\t\t\t\t<div class=\"elementor-button-wrapper\">\n\t\t\t<a href=\"https:\/\/reentec.solarasistan.com\/\" target=\"_blank\" class=\"elementor-button-link elementor-button elementor-size-sm\" role=\"button\">\n\t\t\t\t\t\t<span class=\"elementor-button-content-wrapper\">\n\t\t\t\t\t\t<span class=\"elementor-button-text\">Teklif Al<\/span>\n\t\t<\/span>\n\t\t\t\t\t<\/a>\n\t\t<\/div>\n\t\t\t\t<\/div>\n\t\t\t\t<\/div>\n\t\t\t\t<section class=\"elementor-section elementor-inner-section elementor-element elementor-element-5d94b62 elementor-section-full_width elementor-section-height-default elementor-section-height-default\" data-id=\"5d94b62\" data-element_type=\"section\">\n\t\t\t\t\t\t<div class=\"elementor-container elementor-column-gap-default\">\n\t\t\t\t\t<div class=\"elementor-column elementor-col-100 elementor-inner-column elementor-element elementor-element-7ded903\" data-id=\"7ded903\" data-element_type=\"column\">\n\t\t\t<div class=\"elementor-widget-wrap elementor-element-populated\">\n\t\t\t\t\t\t\t\t<div class=\"elementor-element elementor-element-3154a82 elementor-widget elementor-widget-image\" data-id=\"3154a82\" data-element_type=\"widget\" data-widget_type=\"image.default\">\n\t\t\t\t<div class=\"elementor-widget-container\">\n\t\t\t<style>\/*! elementor - v3.7.8 - 02-10-2022 *\/\n.elementor-widget-image{text-align:center}.elementor-widget-image a{display:inline-block}.elementor-widget-image a img[src$=\".svg\"]{width:48px}.elementor-widget-image img{vertical-align:middle;display:inline-block}<\/style>\t\t\t\t\t\t\t\t\t\t\t\t\t<a href=\"https:\/\/reentec.com.tr\/wp-content\/uploads\/2023\/09\/solarasistan_splash_banner.png\" data-elementor-open-lightbox=\"yes\" data-elementor-lightbox-title=\"solarasistan_splash_banner\" e-action-hash=\"#elementor-action%3Aaction%3Dlightbox%26settings%3DeyJpZCI6NDAzOCwidXJsIjoiaHR0cHM6XC9cL3JlZW50ZWMuY29tLnRyXC93cC1jb250ZW50XC91cGxvYWRzXC8yMDIzXC8wOVwvc29sYXJhc2lzdGFuX3NwbGFzaF9iYW5uZXIucG5nIn0%3D\">\n\t\t\t\t\t\t\t<img loading=\"lazy\" decoding=\"async\" width=\"1024\" height=\"736\" src=\"https:\/\/reentec.com.tr\/wp-content\/uploads\/2023\/09\/solarasistan_splash_banner-1024x736.png\" class=\"attachment-large size-large\" alt=\"\" srcset=\"https:\/\/reentec.com.tr\/wp-content\/uploads\/2023\/09\/solarasistan_splash_banner-1024x736.png 1024w, https:\/\/reentec.com.tr\/wp-content\/uploads\/2023\/09\/solarasistan_splash_banner-300x216.png 300w, https:\/\/reentec.com.tr\/wp-content\/uploads\/2023\/09\/solarasistan_splash_banner-768x552.png 768w, https:\/\/reentec.com.tr\/wp-content\/uploads\/2023\/09\/solarasistan_splash_banner.png 1503w\" sizes=\"auto, (max-width: 1024px) 100vw, 1024px\" \/>\t\t\t\t\t\t\t\t<\/a>\n\t\t\t\t\t\t\t\t\t\t\t\t\t\t\t<\/div>\n\t\t\t\t<\/div>\n\t\t\t\t\t<\/div>\n\t\t<\/div>\n\t\t\t\t\t\t\t<\/div>\n\t\t<\/section>\n\t\t\t\t<section class=\"elementor-section elementor-inner-section elementor-element elementor-element-7ad72be elementor-section-boxed elementor-section-height-default elementor-section-height-default\" data-id=\"7ad72be\" data-element_type=\"section\">\n\t\t\t\t\t\t<div class=\"elementor-container elementor-column-gap-default\">\n\t\t\t\t\t<div class=\"elementor-column elementor-col-33 elementor-inner-column elementor-element elementor-element-c0de458\" data-id=\"c0de458\" data-element_type=\"column\">\n\t\t\t<div class=\"elementor-widget-wrap elementor-element-populated\">\n\t\t\t\t\t\t\t\t<div class=\"elementor-element elementor-element-27d1fd3 elementor-widget elementor-widget-modina_icons\" data-id=\"27d1fd3\" data-element_type=\"widget\" data-widget_type=\"modina_icons.default\">\n\t\t\t\t<div class=\"elementor-widget-container\">\n\t\t\t                <div class=\"icon\">\r\n            <i class=\"flaticon-green-energy\"><\/i>\r\n        <\/div>\r\n            \t\t<\/div>\n\t\t\t\t<\/div>\n\t\t\t\t<div class=\"elementor-element elementor-element-9db640f elementor-widget elementor-widget-heading\" data-id=\"9db640f\" data-element_type=\"widget\" data-widget_type=\"heading.default\">\n\t\t\t\t<div class=\"elementor-widget-container\">\n\t\t\t<h5 class=\"elementor-heading-title elementor-size-default\"> We Design & Ship\nSolar Systems<\/h5>\t\t<\/div>\n\t\t\t\t<\/div>\n\t\t\t\t\t<\/div>\n\t\t<\/div>\n\t\t\t\t<div class=\"elementor-column elementor-col-33 elementor-inner-column elementor-element elementor-element-43629bf\" data-id=\"43629bf\" data-element_type=\"column\">\n\t\t\t<div class=\"elementor-widget-wrap elementor-element-populated\">\n\t\t\t\t\t\t\t\t<div class=\"elementor-element elementor-element-904a489 elementor-widget elementor-widget-modina_icons\" data-id=\"904a489\" data-element_type=\"widget\" data-widget_type=\"modina_icons.default\">\n\t\t\t\t<div class=\"elementor-widget-container\">\n\t\t\t                <div class=\"icon\">\r\n            <i class=\"flaticon-contract\"><\/i>\r\n        <\/div>\r\n            \t\t<\/div>\n\t\t\t\t<\/div>\n\t\t\t\t<div class=\"elementor-element elementor-element-3e10c3d elementor-widget elementor-widget-heading\" data-id=\"3e10c3d\" data-element_type=\"widget\" data-widget_type=\"heading.default\">\n\t\t\t\t<div class=\"elementor-widget-container\">\n\t\t\t<h5 class=\"elementor-heading-title elementor-size-default\">You Install System, Or Contract With Us<\/h5>\t\t<\/div>\n\t\t\t\t<\/div>\n\t\t\t\t\t<\/div>\n\t\t<\/div>\n\t\t\t\t<div class=\"elementor-column elementor-col-33 elementor-inner-column elementor-element elementor-element-e728189\" data-id=\"e728189\" data-element_type=\"column\">\n\t\t\t<div class=\"elementor-widget-wrap elementor-element-populated\">\n\t\t\t\t\t\t\t\t<div class=\"elementor-element elementor-element-ff20b24 elementor-widget elementor-widget-modina_icons\" data-id=\"ff20b24\" data-element_type=\"widget\" data-widget_type=\"modina_icons.default\">\n\t\t\t\t<div class=\"elementor-widget-container\">\n\t\t\t                <div class=\"icon\">\r\n            <i class=\"flaticon-light-bulb\"><\/i>\r\n        <\/div>\r\n            \t\t<\/div>\n\t\t\t\t<\/div>\n\t\t\t\t<div class=\"elementor-element elementor-element-4c8c48a elementor-widget elementor-widget-heading\" data-id=\"4c8c48a\" data-element_type=\"widget\" data-widget_type=\"heading.default\">\n\t\t\t\t<div class=\"elementor-widget-container\">\n\t\t\t<h5 class=\"elementor-heading-title elementor-size-default\">smartest way to generate electricity<\/h5>\t\t<\/div>\n\t\t\t\t<\/div>\n\t\t\t\t\t<\/div>\n\t\t<\/div>\n\t\t\t\t\t\t\t<\/div>\n\t\t<\/section>\n\t\t\t\t\t<\/div>\n\t\t<\/div>\n\t\t\t\t\t\t\t<\/div>\n\t\t<\/section>\n\t\t\t\t\t\t\t<\/div>\n\t\t","protected":false},"excerpt":{"rendered":"<p>Teklif Al Ges Santrali kurulum Teklifi i\u00e7in butonu t\u0131klay\u0131n\u0131z. Teklif Al We Design &#038; Ship Solar Systems You Install System, Or Contract With Us smartest way to generate electricity<\/p>\n","protected":false},"author":1,"featured_media":0,"parent":0,"menu_order":0,"comment_status":"closed","ping_status":"closed","template":"","meta":{"footnotes":""},"class_list":["post-4036","page","type-page","status-publish","hentry"],"acf":[],"_links":{"self":[{"href":"https:\/\/reentec.com.tr\/index.php?rest_route=\/wp\/v2\/pages\/4036","targetHints":{"allow":["GET"]}}],"collection":[{"href":"https:\/\/reentec.com.tr\/index.php?rest_route=\/wp\/v2\/pages"}],"about":[{"href":"https:\/\/reentec.com.tr\/index.php?rest_route=\/wp\/v2\/types\/page"}],"author":[{"embeddable":true,"href":"https:\/\/reentec.com.tr\/index.php?rest_route=\/wp\/v2\/users\/1"}],"replies":[{"embeddable":true,"href":"https:\/\/reentec.com.tr\/index.php?rest_route=%2Fwp%2Fv2%2Fcomments&post=4036"}],"version-history":[{"count":10,"href":"https:\/\/reentec.com.tr\/index.php?rest_route=\/wp\/v2\/pages\/4036\/revisions"}],"predecessor-version":[{"id":4051,"href":"https:\/\/reentec.com.tr\/index.php?rest_route=\/wp\/v2\/pages\/4036\/revisions\/4051"}],"wp:attachment":[{"href":"https:\/\/reentec.com.tr\/index.php?rest_route=%2Fwp%2Fv2%2Fmedia&parent=4036"}],"curies":[{"name":"wp","href":"https:\/\/api.w.org\/{rel}","templated":true}]}}